{"id":5097,"date":"2019-07-15T15:27:32","date_gmt":"2019-07-15T13:27:32","guid":{"rendered":"http:\/\/atas.devsrvr.net\/prodotto\/dlb-2\/"},"modified":"2022-10-11T10:13:32","modified_gmt":"2022-10-11T08:13:32","slug":"dlb-2","status":"publish","type":"product","link":"https:\/\/www.atassrl.it\/fr\/prodotto\/dlb-2\/","title":{"rendered":"DLB"},"content":{"rendered":"<div class=\"page\" title=\"Page 64\">\n<div class=\"section\">\n<div class=\"layoutArea\">\n<div class=\"column\">\n<p style=\"font-weight: 400;\">D\u00e9tergent visqueux et moussant au pH neutre indiqu\u00e9 pour le soin et l&rsquo;entretien des v\u00e9los de course, VTT, motos et scooters. Gr\u00e2ce aux substances particuli\u00e8res qu&rsquo;il contient, il peut \u00eatre utilis\u00e9 manuellement en toute s\u00e9curit\u00e9 sur les peintures, les plastiques, les caoutchoucs, les alliages l\u00e9gers, l&rsquo;aluminium et le chromage. Facilement rinc\u00e9, il redonne l&rsquo;\u00e9clat d&rsquo;origine aux pi\u00e8ces trait\u00e9es. Il peut \u00e9galement \u00eatre utilis\u00e9 en pr\u00e9sence d&rsquo;eaux riches en sels. Il ne contient pas de phosphates.<\/p>\n<\/div>\n<\/div>\n<\/div>\n<\/div>\n","protected":false},"excerpt":{"rendered":"<div class=\"page\" title=\"Page 64\">\n<div class=\"section\">\n<div class=\"layoutArea\">\n<div class=\"column\">\n<div><span lang=\"DE\">SHAMPOOING SP\u00c9CIAL POUR CYCLES, MOTOS ET SCOOTERS<\/span><\/div>\n<\/div>\n<\/div>\n<\/div>\n<\/div>\n","protected":false},"featured_media":3215,"template":"","meta":{"_acf_changed":false,"_seopress_robots_primary_cat":"","_seopress_titles_title":"","_seopress_titles_desc":"","_seopress_robots_index":"","_seopress_analysis_target_kw":""},"product_brand":[],"product_cat":[272,292],"product_tag":[],"class_list":{"0":"post-5097","1":"product","2":"type-product","3":"status-publish","4":"has-post-thumbnail","6":"product_cat-linea-atasdet-fr","7":"product_cat-velos-et-motos","9":"first","10":"instock","11":"shipping-taxable","12":"product-type-variable"},"acf":[],"_links":{"self":[{"href":"https:\/\/www.atassrl.it\/fr\/wp-json\/wp\/v2\/product\/5097","targetHints":{"allow":["GET"]}}],"collection":[{"href":"https:\/\/www.atassrl.it\/fr\/wp-json\/wp\/v2\/product"}],"about":[{"href":"https:\/\/www.atassrl.it\/fr\/wp-json\/wp\/v2\/types\/product"}],"wp:featuredmedia":[{"embeddable":true,"href":"https:\/\/www.atassrl.it\/fr\/wp-json\/wp\/v2\/media\/3215"}],"wp:attachment":[{"href":"https:\/\/www.atassrl.it\/fr\/wp-json\/wp\/v2\/media?parent=5097"}],"wp:term":[{"taxonomy":"product_brand","embeddable":true,"href":"https:\/\/www.atassrl.it\/fr\/wp-json\/wp\/v2\/product_brand?post=5097"},{"taxonomy":"product_cat","embeddable":true,"href":"https:\/\/www.atassrl.it\/fr\/wp-json\/wp\/v2\/product_cat?post=5097"},{"taxonomy":"product_tag","embeddable":true,"href":"https:\/\/www.atassrl.it\/fr\/wp-json\/wp\/v2\/product_tag?post=5097"}],"curies":[{"name":"wp","href":"https:\/\/api.w.org\/{rel}","templated":true}]}}