{"id":5103,"date":"2019-07-15T15:50:59","date_gmt":"2019-07-15T13:50:59","guid":{"rendered":"http:\/\/atas.devsrvr.net\/prodotto\/pulibike-2\/"},"modified":"2022-10-11T10:20:49","modified_gmt":"2022-10-11T08:20:49","slug":"pulibike-2","status":"publish","type":"product","link":"https:\/\/www.atassrl.it\/fr\/prodotto\/pulibike-2\/","title":{"rendered":"PULIBIKE"},"content":{"rendered":"<div class=\"page\" title=\"Page 64\">\n<div class=\"section\">\n<div class=\"layoutArea\">\n<div class=\"column\">\n<p style=\"font-weight: 400;\">Produit \u00e0 faible alcalinit\u00e9 adapt\u00e9 au nettoyage et au d\u00e9graissage des motos, scooters, v\u00e9los, VTT et m\u00eame des v\u00e9los de course. Facile \u00e0 rincer, il laisse les surfaces propres et brillantes. Il \u00e9limine la salet\u00e9 des cha\u00eenes, des moyeux, des rapports, des cadres, des blocs moteurs et des pi\u00e8ces m\u00e9caniques en g\u00e9n\u00e9ral. Il ne contient pas de phosphates. Diluer 1 \u00e0 3-4 avec de l&rsquo;eau et appliquer au pistolet ou au pinceau.<\/p>\n<\/div>\n<\/div>\n<\/div>\n<\/div>\n","protected":false},"excerpt":{"rendered":"<div class=\"page\" title=\"Page 64\">\n<div class=\"section\">\n<div class=\"layoutArea\">\n<div class=\"column\">\n<div><span lang=\"DE\">D\u00c9GRAISSANT POUR V\u00c9LO ET CARENAGES DE MOTOS<\/span><\/div>\n<\/div>\n<\/div>\n<\/div>\n<\/div>\n","protected":false},"featured_media":3314,"template":"","meta":{"_acf_changed":false,"_seopress_robots_primary_cat":"","_seopress_titles_title":"","_seopress_titles_desc":"","_seopress_robots_index":"","_seopress_analysis_target_kw":""},"product_brand":[],"product_cat":[272,292],"product_tag":[],"class_list":{"0":"post-5103","1":"product","2":"type-product","3":"status-publish","4":"has-post-thumbnail","6":"product_cat-linea-atasdet-fr","7":"product_cat-velos-et-motos","9":"first","10":"instock","11":"shipping-taxable","12":"product-type-variable"},"acf":[],"_links":{"self":[{"href":"https:\/\/www.atassrl.it\/fr\/wp-json\/wp\/v2\/product\/5103","targetHints":{"allow":["GET"]}}],"collection":[{"href":"https:\/\/www.atassrl.it\/fr\/wp-json\/wp\/v2\/product"}],"about":[{"href":"https:\/\/www.atassrl.it\/fr\/wp-json\/wp\/v2\/types\/product"}],"wp:featuredmedia":[{"embeddable":true,"href":"https:\/\/www.atassrl.it\/fr\/wp-json\/wp\/v2\/media\/3314"}],"wp:attachment":[{"href":"https:\/\/www.atassrl.it\/fr\/wp-json\/wp\/v2\/media?parent=5103"}],"wp:term":[{"taxonomy":"product_brand","embeddable":true,"href":"https:\/\/www.atassrl.it\/fr\/wp-json\/wp\/v2\/product_brand?post=5103"},{"taxonomy":"product_cat","embeddable":true,"href":"https:\/\/www.atassrl.it\/fr\/wp-json\/wp\/v2\/product_cat?post=5103"},{"taxonomy":"product_tag","embeddable":true,"href":"https:\/\/www.atassrl.it\/fr\/wp-json\/wp\/v2\/product_tag?post=5103"}],"curies":[{"name":"wp","href":"https:\/\/api.w.org\/{rel}","templated":true}]}}