{"id":5109,"date":"2019-07-15T15:54:05","date_gmt":"2019-07-15T13:54:05","guid":{"rendered":"http:\/\/atas.devsrvr.net\/prodotto\/permoto\/"},"modified":"2022-10-11T10:37:05","modified_gmt":"2022-10-11T08:37:05","slug":"permoto","status":"publish","type":"product","link":"https:\/\/www.atassrl.it\/fr\/prodotto\/permoto\/","title":{"rendered":"PERMOTO"},"content":{"rendered":"<div class=\"page\" title=\"Page 64\">\n<div class=\"section\">\n<div class=\"layoutArea\">\n<div class=\"column\">\n<p style=\"font-weight: 400;\">D\u00e9tergent hautement concentr\u00e9 et \u00e0 faible alcalinit\u00e9 adapt\u00e9 au lavage \u00e0 haute pression dans les syst\u00e8mes en libre-service de motos et de scooters. Il exerce une action \u00e9molliente valable et est efficace sur la salet\u00e9 grasse, le smog, le film routier, les r\u00e9sidus d&rsquo;huile, les moucherons et la terre. Mod\u00e9r\u00e9ment moussant, il laisse les surfaces parfaitement propres et brillantes. Il n&rsquo;endommage pas les peintures, les plastiques, les joints, les moulures, les profil\u00e9s de toutes sortes. \u00c9vitez les surfaces chaudes.<\/p>\n<\/div>\n<\/div>\n<\/div>\n<\/div>\n","protected":false},"excerpt":{"rendered":"<div class=\"page\" title=\"Page 64\">\n<div class=\"section\">\n<div class=\"layoutArea\">\n<div class=\"column\">\n<div><span lang=\"DE\">D\u00c9TERGENT D\u00c9GRAISSANT POUR MOTOS<\/span><\/div>\n<\/div>\n<\/div>\n<\/div>\n<\/div>\n","protected":false},"featured_media":7639,"template":"","meta":{"_acf_changed":false,"_seopress_robots_primary_cat":"","_seopress_titles_title":"","_seopress_titles_desc":"","_seopress_robots_index":"","_seopress_analysis_target_kw":""},"product_brand":[],"product_cat":[272,292],"product_tag":[874],"class_list":{"0":"post-5109","1":"product","2":"type-product","3":"status-publish","4":"has-post-thumbnail","6":"product_cat-linea-atasdet-fr","7":"product_cat-velos-et-motos","8":"product_tag-motos-et-velos","10":"first","11":"instock","12":"shipping-taxable","13":"product-type-variable"},"acf":[],"_links":{"self":[{"href":"https:\/\/www.atassrl.it\/fr\/wp-json\/wp\/v2\/product\/5109","targetHints":{"allow":["GET"]}}],"collection":[{"href":"https:\/\/www.atassrl.it\/fr\/wp-json\/wp\/v2\/product"}],"about":[{"href":"https:\/\/www.atassrl.it\/fr\/wp-json\/wp\/v2\/types\/product"}],"wp:featuredmedia":[{"embeddable":true,"href":"https:\/\/www.atassrl.it\/fr\/wp-json\/wp\/v2\/media\/7639"}],"wp:attachment":[{"href":"https:\/\/www.atassrl.it\/fr\/wp-json\/wp\/v2\/media?parent=5109"}],"wp:term":[{"taxonomy":"product_brand","embeddable":true,"href":"https:\/\/www.atassrl.it\/fr\/wp-json\/wp\/v2\/product_brand?post=5109"},{"taxonomy":"product_cat","embeddable":true,"href":"https:\/\/www.atassrl.it\/fr\/wp-json\/wp\/v2\/product_cat?post=5109"},{"taxonomy":"product_tag","embeddable":true,"href":"https:\/\/www.atassrl.it\/fr\/wp-json\/wp\/v2\/product_tag?post=5109"}],"curies":[{"name":"wp","href":"https:\/\/api.w.org\/{rel}","templated":true}]}}