{"id":5117,"date":"2019-07-15T16:03:32","date_gmt":"2019-07-15T14:03:32","guid":{"rendered":"http:\/\/atas.devsrvr.net\/prodotto\/makycar-1sa\/"},"modified":"2022-10-11T17:15:56","modified_gmt":"2022-10-11T15:15:56","slug":"makycar-1sa","status":"publish","type":"product","link":"https:\/\/www.atassrl.it\/fr\/prodotto\/makycar-1sa\/","title":{"rendered":"MAKYCAR 1SA"},"content":{"rendered":"<div class=\"page\" title=\"Page 66\">\n<div class=\"section\">\n<div class=\"layoutArea\">\n<div class=\"column\">\n<p style=\"font-weight: 400;\">Sp\u00e9cifiquement d\u00e9velopp\u00e9 pour les ateliers de carrosserie, ce produit \u00e0 haute concentration r\u00e9g\u00e9n\u00e8re les peintures ternies par l&rsquo;usure et les agents atmosph\u00e9riques, leur redonnant leur \u00e9clat d&rsquo;origine en \u00e9liminant les petites oxydations, les rayures l\u00e9g\u00e8res, le smog et les r\u00e9sidus de peinture. Il garantit une surface brillante et tr\u00e8s lisse. Il peut \u00eatre utilis\u00e9 \u00e0 la fois manuellement et avec un disque orbital. Il ne contient pas de silicone.<\/p>\n<\/div>\n<\/div>\n<\/div>\n<\/div>\n","protected":false},"excerpt":{"rendered":"<div class=\"page\" title=\"Page 66\">\n<div class=\"section\">\n<div class=\"layoutArea\">\n<div class=\"column\">\n<div><span lang=\"DE\">POLISSAGE ABRASIF PROFESSIONNEL<\/span><\/div>\n<\/div>\n<\/div>\n<\/div>\n<\/div>\n","protected":false},"featured_media":3281,"template":"","meta":{"_acf_changed":false,"_seopress_robots_primary_cat":"","_seopress_titles_title":"","_seopress_titles_desc":"","_seopress_robots_index":"","_seopress_analysis_target_kw":""},"product_brand":[],"product_cat":[280,272],"product_tag":[],"class_list":{"0":"post-5117","1":"product","2":"type-product","3":"status-publish","4":"has-post-thumbnail","6":"product_cat-carrosseries","7":"product_cat-linea-atasdet-fr","9":"first","10":"instock","11":"shipping-taxable","12":"product-type-simple"},"acf":[],"_links":{"self":[{"href":"https:\/\/www.atassrl.it\/fr\/wp-json\/wp\/v2\/product\/5117","targetHints":{"allow":["GET"]}}],"collection":[{"href":"https:\/\/www.atassrl.it\/fr\/wp-json\/wp\/v2\/product"}],"about":[{"href":"https:\/\/www.atassrl.it\/fr\/wp-json\/wp\/v2\/types\/product"}],"wp:featuredmedia":[{"embeddable":true,"href":"https:\/\/www.atassrl.it\/fr\/wp-json\/wp\/v2\/media\/3281"}],"wp:attachment":[{"href":"https:\/\/www.atassrl.it\/fr\/wp-json\/wp\/v2\/media?parent=5117"}],"wp:term":[{"taxonomy":"product_brand","embeddable":true,"href":"https:\/\/www.atassrl.it\/fr\/wp-json\/wp\/v2\/product_brand?post=5117"},{"taxonomy":"product_cat","embeddable":true,"href":"https:\/\/www.atassrl.it\/fr\/wp-json\/wp\/v2\/product_cat?post=5117"},{"taxonomy":"product_tag","embeddable":true,"href":"https:\/\/www.atassrl.it\/fr\/wp-json\/wp\/v2\/product_tag?post=5117"}],"curies":[{"name":"wp","href":"https:\/\/api.w.org\/{rel}","templated":true}]}}