{"id":5119,"date":"2019-07-15T16:06:13","date_gmt":"2019-07-15T14:06:13","guid":{"rendered":"http:\/\/atas.devsrvr.net\/prodotto\/makycar-2sl-2\/"},"modified":"2022-10-11T17:17:27","modified_gmt":"2022-10-11T15:17:27","slug":"makycar-2sl-2","status":"publish","type":"product","link":"https:\/\/www.atassrl.it\/fr\/prodotto\/makycar-2sl-2\/","title":{"rendered":"MAKYCAR 2SL"},"content":{"rendered":"<div class=\"page\" title=\"Page 66\">\n<div class=\"section\">\n<div class=\"layoutArea\">\n<div class=\"column\">\n<p style=\"font-weight: 400;\">Recommand\u00e9 pour les ateliers de carrosserie, ce polish est un traitement r\u00e9g\u00e9n\u00e9rant intensif pour les peintures ternes ou d\u00e9t\u00e9rior\u00e9es par le smog, la suie, les pluies acides, etc. Gr\u00e2ce aux substances sp\u00e9ciales qu&rsquo;il contient, il ravive et polit les surfaces, les prot\u00e9geant dans le temps et assurant une finition miroir parfaite . Il ne contient pas de silicone.<\/p>\n<\/div>\n<\/div>\n<\/div>\n<\/div>\n","protected":false},"excerpt":{"rendered":"<div class=\"page\" title=\"Page 66\">\n<div class=\"section\">\n<div class=\"layoutArea\">\n<div class=\"column\">\n<div><span lang=\"DE\">POLISSAGE \u00c9CLAIRCISSANT PROFESSIONNEL<\/span><\/div>\n<\/div>\n<\/div>\n<\/div>\n<\/div>\n","protected":false},"featured_media":3282,"template":"","meta":{"_acf_changed":false,"_seopress_robots_primary_cat":"","_seopress_titles_title":"","_seopress_titles_desc":"","_seopress_robots_index":"","_seopress_analysis_target_kw":""},"product_brand":[],"product_cat":[280,272],"product_tag":[],"class_list":{"0":"post-5119","1":"product","2":"type-product","3":"status-publish","4":"has-post-thumbnail","6":"product_cat-carrosseries","7":"product_cat-linea-atasdet-fr","9":"first","10":"instock","11":"shipping-taxable","12":"product-type-simple"},"acf":[],"_links":{"self":[{"href":"https:\/\/www.atassrl.it\/fr\/wp-json\/wp\/v2\/product\/5119","targetHints":{"allow":["GET"]}}],"collection":[{"href":"https:\/\/www.atassrl.it\/fr\/wp-json\/wp\/v2\/product"}],"about":[{"href":"https:\/\/www.atassrl.it\/fr\/wp-json\/wp\/v2\/types\/product"}],"wp:featuredmedia":[{"embeddable":true,"href":"https:\/\/www.atassrl.it\/fr\/wp-json\/wp\/v2\/media\/3282"}],"wp:attachment":[{"href":"https:\/\/www.atassrl.it\/fr\/wp-json\/wp\/v2\/media?parent=5119"}],"wp:term":[{"taxonomy":"product_brand","embeddable":true,"href":"https:\/\/www.atassrl.it\/fr\/wp-json\/wp\/v2\/product_brand?post=5119"},{"taxonomy":"product_cat","embeddable":true,"href":"https:\/\/www.atassrl.it\/fr\/wp-json\/wp\/v2\/product_cat?post=5119"},{"taxonomy":"product_tag","embeddable":true,"href":"https:\/\/www.atassrl.it\/fr\/wp-json\/wp\/v2\/product_tag?post=5119"}],"curies":[{"name":"wp","href":"https:\/\/api.w.org\/{rel}","templated":true}]}}