{"id":5127,"date":"2019-07-15T16:15:08","date_gmt":"2019-07-15T14:15:08","guid":{"rendered":"http:\/\/atas.devsrvr.net\/prodotto\/pavimax\/"},"modified":"2022-10-11T17:25:40","modified_gmt":"2022-10-11T15:25:40","slug":"pavimax","status":"publish","type":"product","link":"https:\/\/www.atassrl.it\/fr\/prodotto\/pavimax\/","title":{"rendered":"PAVIMAX"},"content":{"rendered":"<div class=\"page\" title=\"Page 67\">\n<div class=\"section\">\n<div class=\"layoutArea\">\n<div class=\"column\">\n<p style=\"font-weight: 400;\">Produit concentr\u00e9 formul\u00e9 avec des substances \u00e0 haut pouvoir nettoyant qui assurent une action d\u00e9graissante et \u00e9mulsifiante \u00e9nergique contre les salissures organiques et inorganiques. Avec un faible pouvoir moussant, il convient aux machines de nettoyage de sols industriels. Il ne laisse pas de traces, il peut \u00eatre utilis\u00e9 sur les sols en b\u00e9ton, linol\u00e9um et c\u00e9ramique. Il \u00e9limine \u00e9galement les r\u00e9sidus de caoutchouc.<\/p>\n<\/div>\n<\/div>\n<\/div>\n<\/div>\n","protected":false},"excerpt":{"rendered":"<div class=\"page\" title=\"Page 67\">\n<div class=\"section\">\n<div class=\"layoutArea\">\n<div class=\"column\">\n<div><span lang=\"DE\">D\u00c9TERGENT POUR MACHINES DE NETTOYAGE DES SOLS<\/span><\/div>\n<\/div>\n<\/div>\n<\/div>\n<\/div>\n","protected":false},"featured_media":3296,"template":"","meta":{"_acf_changed":false,"_seopress_robots_primary_cat":"","_seopress_titles_title":"","_seopress_titles_desc":"","_seopress_robots_index":"","_seopress_analysis_target_kw":""},"product_brand":[],"product_cat":[272,315],"product_tag":[],"class_list":{"0":"post-5127","1":"product","2":"type-product","3":"status-publish","4":"has-post-thumbnail","6":"product_cat-linea-atasdet-fr","7":"product_cat-nettoyants-pour-sols","9":"first","10":"instock","11":"shipping-taxable","12":"product-type-variable"},"acf":[],"_links":{"self":[{"href":"https:\/\/www.atassrl.it\/fr\/wp-json\/wp\/v2\/product\/5127","targetHints":{"allow":["GET"]}}],"collection":[{"href":"https:\/\/www.atassrl.it\/fr\/wp-json\/wp\/v2\/product"}],"about":[{"href":"https:\/\/www.atassrl.it\/fr\/wp-json\/wp\/v2\/types\/product"}],"wp:featuredmedia":[{"embeddable":true,"href":"https:\/\/www.atassrl.it\/fr\/wp-json\/wp\/v2\/media\/3296"}],"wp:attachment":[{"href":"https:\/\/www.atassrl.it\/fr\/wp-json\/wp\/v2\/media?parent=5127"}],"wp:term":[{"taxonomy":"product_brand","embeddable":true,"href":"https:\/\/www.atassrl.it\/fr\/wp-json\/wp\/v2\/product_brand?post=5127"},{"taxonomy":"product_cat","embeddable":true,"href":"https:\/\/www.atassrl.it\/fr\/wp-json\/wp\/v2\/product_cat?post=5127"},{"taxonomy":"product_tag","embeddable":true,"href":"https:\/\/www.atassrl.it\/fr\/wp-json\/wp\/v2\/product_tag?post=5127"}],"curies":[{"name":"wp","href":"https:\/\/api.w.org\/{rel}","templated":true}]}}