{"id":5139,"date":"2019-07-15T16:20:48","date_gmt":"2019-07-15T14:20:48","guid":{"rendered":"http:\/\/atas.devsrvr.net\/prodotto\/divor-2000\/"},"modified":"2022-10-11T17:30:51","modified_gmt":"2022-10-11T15:30:51","slug":"divor-2000","status":"publish","type":"product","link":"https:\/\/www.atassrl.it\/fr\/prodotto\/divor-2000\/","title":{"rendered":"DIVOR 2000"},"content":{"rendered":"<div class=\"page\" title=\"Page 67\">\n<div class=\"section\">\n<div class=\"layoutArea\">\n<div class=\"column\">\n<p style=\"font-weight: 400;\">Produit hautement concentr\u00e9 adapt\u00e9 pour \u00e9liminer les d\u00e9p\u00f4ts calcaires importants, les traces de fer, l&rsquo;huile et la graisse des surfaces en verre, en acier inoxydable et chrom\u00e9es. Il peut \u00eatre utilis\u00e9 comme premier traitement sur les wagons de chemin de fer pour \u00e9liminer les r\u00e9sidus ferreux, pour \u00e9liminer les r\u00e9sidus de ciment des sols et \u00e9galement pour le nettoyage des sanitaires, des baignoires, des \u00e9viers et des carrelages.<\/p>\n<\/div>\n<\/div>\n<\/div>\n<\/div>\n","protected":false},"excerpt":{"rendered":"<div class=\"page\" title=\"Page 67\">\n<div class=\"section\">\n<div class=\"layoutArea\">\n<div class=\"column\">\n<div><span lang=\"ES\">D\u00c9TERGENT ACIDE<\/span><\/div>\n<\/div>\n<\/div>\n<\/div>\n<\/div>\n","protected":false},"featured_media":3214,"template":"","meta":{"_acf_changed":false,"_seopress_robots_primary_cat":"","_seopress_titles_title":"","_seopress_titles_desc":"","_seopress_robots_index":"","_seopress_analysis_target_kw":""},"product_brand":[],"product_cat":[272,315],"product_tag":[],"class_list":{"0":"post-5139","1":"product","2":"type-product","3":"status-publish","4":"has-post-thumbnail","6":"product_cat-linea-atasdet-fr","7":"product_cat-nettoyants-pour-sols","9":"first","10":"instock","11":"shipping-taxable","12":"product-type-variable"},"acf":[],"_links":{"self":[{"href":"https:\/\/www.atassrl.it\/fr\/wp-json\/wp\/v2\/product\/5139","targetHints":{"allow":["GET"]}}],"collection":[{"href":"https:\/\/www.atassrl.it\/fr\/wp-json\/wp\/v2\/product"}],"about":[{"href":"https:\/\/www.atassrl.it\/fr\/wp-json\/wp\/v2\/types\/product"}],"wp:featuredmedia":[{"embeddable":true,"href":"https:\/\/www.atassrl.it\/fr\/wp-json\/wp\/v2\/media\/3214"}],"wp:attachment":[{"href":"https:\/\/www.atassrl.it\/fr\/wp-json\/wp\/v2\/media?parent=5139"}],"wp:term":[{"taxonomy":"product_brand","embeddable":true,"href":"https:\/\/www.atassrl.it\/fr\/wp-json\/wp\/v2\/product_brand?post=5139"},{"taxonomy":"product_cat","embeddable":true,"href":"https:\/\/www.atassrl.it\/fr\/wp-json\/wp\/v2\/product_cat?post=5139"},{"taxonomy":"product_tag","embeddable":true,"href":"https:\/\/www.atassrl.it\/fr\/wp-json\/wp\/v2\/product_tag?post=5139"}],"curies":[{"name":"wp","href":"https:\/\/api.w.org\/{rel}","templated":true}]}}