{"id":5153,"date":"2019-07-15T16:29:34","date_gmt":"2019-07-15T14:29:34","guid":{"rendered":"http:\/\/atas.devsrvr.net\/prodotto\/tunnel-vs\/"},"modified":"2022-10-11T17:36:23","modified_gmt":"2022-10-11T15:36:23","slug":"tunnel-vs","status":"publish","type":"product","link":"https:\/\/www.atassrl.it\/fr\/prodotto\/tunnel-vs\/","title":{"rendered":"TUNNEL VS"},"content":{"rendered":"<div class=\"page\" title=\"Page 69\">\n<div class=\"section\">\n<div class=\"layoutArea\">\n<div class=\"column\">\n<p style=\"font-weight: 400;\">D\u00e9tergent \u00e0 haute alcalinit\u00e9 adapt\u00e9 pour \u00e9liminer les salissures particuli\u00e8rement tenaces des panneaux et des murs. Il agit en profondeur sur les r\u00e9sidus graisseux, le smog, les sols, les incrustations salines, etc. Efficace m\u00eame en pr\u00e9sence d&rsquo;eaux particuli\u00e8rement dures. Diluer avec de l&rsquo;eau, appliquer \u00e0 haute pression (20\/50 bar), laisser agir quelques minutes puis brosser avec un rouleau adapt\u00e9 pour obtenir un effet maximum.<\/p>\n<\/div>\n<\/div>\n<\/div>\n<\/div>\n","protected":false},"excerpt":{"rendered":"<div class=\"page\" title=\"Page 69\">\n<div class=\"section\">\n<div class=\"layoutArea\">\n<div class=\"column\">\n<div><span lang=\"DE\">AGENT DE NETTOYAGE POUR TUNNELS ET INTERVENTIONS SP\u00c9CIALES<\/span><\/div>\n<\/div>\n<\/div>\n<\/div>\n<\/div>\n","protected":false},"featured_media":3338,"template":"","meta":{"_acf_changed":false,"_seopress_robots_primary_cat":"","_seopress_titles_title":"","_seopress_titles_desc":"","_seopress_robots_index":"","_seopress_analysis_target_kw":""},"product_brand":[],"product_cat":[307,272],"product_tag":[],"class_list":{"0":"post-5153","1":"product","2":"type-product","3":"status-publish","4":"has-post-thumbnail","6":"product_cat-detergents-pour-tunnels","7":"product_cat-linea-atasdet-fr","9":"first","10":"instock","11":"shipping-taxable","12":"product-type-variable"},"acf":[],"_links":{"self":[{"href":"https:\/\/www.atassrl.it\/fr\/wp-json\/wp\/v2\/product\/5153","targetHints":{"allow":["GET"]}}],"collection":[{"href":"https:\/\/www.atassrl.it\/fr\/wp-json\/wp\/v2\/product"}],"about":[{"href":"https:\/\/www.atassrl.it\/fr\/wp-json\/wp\/v2\/types\/product"}],"wp:featuredmedia":[{"embeddable":true,"href":"https:\/\/www.atassrl.it\/fr\/wp-json\/wp\/v2\/media\/3338"}],"wp:attachment":[{"href":"https:\/\/www.atassrl.it\/fr\/wp-json\/wp\/v2\/media?parent=5153"}],"wp:term":[{"taxonomy":"product_brand","embeddable":true,"href":"https:\/\/www.atassrl.it\/fr\/wp-json\/wp\/v2\/product_brand?post=5153"},{"taxonomy":"product_cat","embeddable":true,"href":"https:\/\/www.atassrl.it\/fr\/wp-json\/wp\/v2\/product_cat?post=5153"},{"taxonomy":"product_tag","embeddable":true,"href":"https:\/\/www.atassrl.it\/fr\/wp-json\/wp\/v2\/product_tag?post=5153"}],"curies":[{"name":"wp","href":"https:\/\/api.w.org\/{rel}","templated":true}]}}