{"id":5161,"date":"2019-07-15T16:31:53","date_gmt":"2019-07-15T14:31:53","guid":{"rendered":"http:\/\/atas.devsrvr.net\/prodotto\/tunnel-nr\/"},"modified":"2022-10-11T17:39:54","modified_gmt":"2022-10-11T15:39:54","slug":"tunnel-nr","status":"publish","type":"product","link":"https:\/\/www.atassrl.it\/fr\/prodotto\/tunnel-nr\/","title":{"rendered":"TUNNEL NR"},"content":{"rendered":"<div class=\"page\" title=\"Page 69\">\n<div class=\"section\">\n<div class=\"layoutArea\">\n<div class=\"column\">\n<p style=\"font-weight: 400;\">Formulation alcaline \u00e0 haute concentration sp\u00e9cifique pour un nettoyage extraordinaire. Il \u00e9limine les anciennes incrustations de smog et de suie. Gr\u00e2ce \u00e0 son haut pouvoir mouillant et p\u00e9n\u00e9trant, il dissout facilement la salet\u00e9, restituant aux surfaces leur \u00e9tat d&rsquo;origine. Il n&rsquo;attaque pas les traitements appliqu\u00e9s sur les surfaces.<\/p>\n<\/div>\n<\/div>\n<\/div>\n<\/div>\n","protected":false},"excerpt":{"rendered":"<div class=\"page\" title=\"Page 69\">\n<div class=\"section\">\n<div class=\"layoutArea\">\n<div class=\"column\">\n<div><span lang=\"DE\">NETTOYANT POUR TUNNELS (TACHES R\u00c9SIDUELLES)<\/span><\/div>\n<\/div>\n<\/div>\n<\/div>\n<\/div>\n","protected":false},"featured_media":7670,"template":"","meta":{"_acf_changed":false,"_seopress_robots_primary_cat":"","_seopress_titles_title":"","_seopress_titles_desc":"","_seopress_robots_index":"","_seopress_analysis_target_kw":""},"product_brand":[],"product_cat":[307,272],"product_tag":[],"class_list":{"0":"post-5161","1":"product","2":"type-product","3":"status-publish","4":"has-post-thumbnail","6":"product_cat-detergents-pour-tunnels","7":"product_cat-linea-atasdet-fr","9":"first","10":"instock","11":"shipping-taxable","12":"product-type-variable"},"acf":[],"_links":{"self":[{"href":"https:\/\/www.atassrl.it\/fr\/wp-json\/wp\/v2\/product\/5161","targetHints":{"allow":["GET"]}}],"collection":[{"href":"https:\/\/www.atassrl.it\/fr\/wp-json\/wp\/v2\/product"}],"about":[{"href":"https:\/\/www.atassrl.it\/fr\/wp-json\/wp\/v2\/types\/product"}],"wp:featuredmedia":[{"embeddable":true,"href":"https:\/\/www.atassrl.it\/fr\/wp-json\/wp\/v2\/media\/7670"}],"wp:attachment":[{"href":"https:\/\/www.atassrl.it\/fr\/wp-json\/wp\/v2\/media?parent=5161"}],"wp:term":[{"taxonomy":"product_brand","embeddable":true,"href":"https:\/\/www.atassrl.it\/fr\/wp-json\/wp\/v2\/product_brand?post=5161"},{"taxonomy":"product_cat","embeddable":true,"href":"https:\/\/www.atassrl.it\/fr\/wp-json\/wp\/v2\/product_cat?post=5161"},{"taxonomy":"product_tag","embeddable":true,"href":"https:\/\/www.atassrl.it\/fr\/wp-json\/wp\/v2\/product_tag?post=5161"}],"curies":[{"name":"wp","href":"https:\/\/api.w.org\/{rel}","templated":true}]}}