{"id":5167,"date":"2019-07-15T16:35:59","date_gmt":"2019-07-15T14:35:59","guid":{"rendered":"http:\/\/atas.devsrvr.net\/prodotto\/vandal\/"},"modified":"2022-10-11T18:09:20","modified_gmt":"2022-10-11T16:09:20","slug":"vandal","status":"publish","type":"product","link":"https:\/\/www.atassrl.it\/fr\/prodotto\/vandal\/","title":{"rendered":"VANDAL"},"content":{"rendered":"<div class=\"page\" title=\"Page 70\">\n<div class=\"section\">\n<div class=\"layoutArea\">\n<div class=\"column\">\n<p style=\"font-weight: 400;\">Produit \u00e0 base de solvants adapt\u00e9 pour \u00e9liminer les \u00e9critures et les graffitis r\u00e9alis\u00e9s avec des peintures acryliques sur des surfaces en verre, plastique, plexiglas ou m\u00e9thacrylate. \u00c9viter l&rsquo;utilisation sur des pi\u00e8ces peintes. A utiliser tel quel en spray. Avant utilisation, v\u00e9rifier la compatibilit\u00e9 avec la surface \u00e0 traiter.<\/p>\n<\/div>\n<\/div>\n<\/div>\n<\/div>\n","protected":false},"excerpt":{"rendered":"<div class=\"page\" title=\"Page 70\">\n<div class=\"section\">\n<div class=\"layoutArea\">\n<div class=\"column\">\n<div><span lang=\"DE\">SUPPRESSEUR D&rsquo;ECRITS VANDALES<\/span><\/div>\n<\/div>\n<\/div>\n<\/div>\n<\/div>\n","protected":false},"featured_media":7642,"template":"","meta":{"_acf_changed":false,"_seopress_robots_primary_cat":"","_seopress_titles_title":"","_seopress_titles_desc":"","_seopress_robots_index":"","_seopress_analysis_target_kw":""},"product_brand":[],"product_cat":[311,272],"product_tag":[],"class_list":{"0":"post-5167","1":"product","2":"type-product","3":"status-publish","4":"has-post-thumbnail","6":"product_cat-detergents-pour-panneaux-routiers","7":"product_cat-linea-atasdet-fr","9":"first","10":"instock","11":"shipping-taxable","12":"product-type-variable"},"acf":[],"_links":{"self":[{"href":"https:\/\/www.atassrl.it\/fr\/wp-json\/wp\/v2\/product\/5167","targetHints":{"allow":["GET"]}}],"collection":[{"href":"https:\/\/www.atassrl.it\/fr\/wp-json\/wp\/v2\/product"}],"about":[{"href":"https:\/\/www.atassrl.it\/fr\/wp-json\/wp\/v2\/types\/product"}],"wp:featuredmedia":[{"embeddable":true,"href":"https:\/\/www.atassrl.it\/fr\/wp-json\/wp\/v2\/media\/7642"}],"wp:attachment":[{"href":"https:\/\/www.atassrl.it\/fr\/wp-json\/wp\/v2\/media?parent=5167"}],"wp:term":[{"taxonomy":"product_brand","embeddable":true,"href":"https:\/\/www.atassrl.it\/fr\/wp-json\/wp\/v2\/product_brand?post=5167"},{"taxonomy":"product_cat","embeddable":true,"href":"https:\/\/www.atassrl.it\/fr\/wp-json\/wp\/v2\/product_cat?post=5167"},{"taxonomy":"product_tag","embeddable":true,"href":"https:\/\/www.atassrl.it\/fr\/wp-json\/wp\/v2\/product_tag?post=5167"}],"curies":[{"name":"wp","href":"https:\/\/api.w.org\/{rel}","templated":true}]}}