{"id":5179,"date":"2019-07-15T16:40:46","date_gmt":"2019-07-15T14:40:46","guid":{"rendered":"http:\/\/atas.devsrvr.net\/prodotto\/vencal\/"},"modified":"2022-10-11T18:13:58","modified_gmt":"2022-10-11T16:13:58","slug":"vencal","status":"publish","type":"product","link":"https:\/\/www.atassrl.it\/fr\/prodotto\/vencal\/","title":{"rendered":"VENCAL"},"content":{"rendered":"<div class=\"page\" title=\"Page 70\">\n<div class=\"section\">\n<div class=\"layoutArea\">\n<div class=\"column\">\n<p style=\"font-weight: 400;\">Additif sp\u00e9cial \u00e0 haut pouvoir s\u00e9questrant qui r\u00e9duit la duret\u00e9 de l&rsquo;eau, il est recommand\u00e9 en phase de rin\u00e7age dans les op\u00e9rations de nettoyage des tunnels et des tunnels car il \u00e9vite la formation de taches blanches dues au d\u00e9p\u00f4t de sels de calcium et de magn\u00e9sium insolubles. La dose de 4 gr \/ lt r\u00e9duit la duret\u00e9 de 1 \u00b0 F.<\/p>\n<\/div>\n<\/div>\n<\/div>\n<\/div>\n","protected":false},"excerpt":{"rendered":"<div class=\"page\" title=\"Page 70\">\n<div class=\"section\">\n<div class=\"layoutArea\">\n<div class=\"column\">\n<p style=\"font-weight: 400;\">D\u00c9TARTRANT<\/p>\n<\/div>\n<\/div>\n<\/div>\n<\/div>\n","protected":false},"featured_media":3345,"template":"","meta":{"_acf_changed":false,"_seopress_robots_primary_cat":"","_seopress_titles_title":"","_seopress_titles_desc":"","_seopress_robots_index":"","_seopress_analysis_target_kw":""},"product_brand":[],"product_cat":[311,272],"product_tag":[],"class_list":{"0":"post-5179","1":"product","2":"type-product","3":"status-publish","4":"has-post-thumbnail","6":"product_cat-detergents-pour-panneaux-routiers","7":"product_cat-linea-atasdet-fr","9":"first","10":"instock","11":"shipping-taxable","12":"product-type-variable"},"acf":[],"_links":{"self":[{"href":"https:\/\/www.atassrl.it\/fr\/wp-json\/wp\/v2\/product\/5179","targetHints":{"allow":["GET"]}}],"collection":[{"href":"https:\/\/www.atassrl.it\/fr\/wp-json\/wp\/v2\/product"}],"about":[{"href":"https:\/\/www.atassrl.it\/fr\/wp-json\/wp\/v2\/types\/product"}],"wp:featuredmedia":[{"embeddable":true,"href":"https:\/\/www.atassrl.it\/fr\/wp-json\/wp\/v2\/media\/3345"}],"wp:attachment":[{"href":"https:\/\/www.atassrl.it\/fr\/wp-json\/wp\/v2\/media?parent=5179"}],"wp:term":[{"taxonomy":"product_brand","embeddable":true,"href":"https:\/\/www.atassrl.it\/fr\/wp-json\/wp\/v2\/product_brand?post=5179"},{"taxonomy":"product_cat","embeddable":true,"href":"https:\/\/www.atassrl.it\/fr\/wp-json\/wp\/v2\/product_cat?post=5179"},{"taxonomy":"product_tag","embeddable":true,"href":"https:\/\/www.atassrl.it\/fr\/wp-json\/wp\/v2\/product_tag?post=5179"}],"curies":[{"name":"wp","href":"https:\/\/api.w.org\/{rel}","templated":true}]}}