{"id":5201,"date":"2019-12-06T14:49:12","date_gmt":"2019-12-06T13:49:12","guid":{"rendered":"http:\/\/atas.devsrvr.net\/prodotto\/linsect\/"},"modified":"2022-08-02T09:54:41","modified_gmt":"2022-08-02T07:54:41","slug":"linsect","status":"publish","type":"product","link":"https:\/\/www.atassrl.it\/fr\/prodotto\/linsect\/","title":{"rendered":"LINSECT"},"content":{"rendered":"<div class=\"page\" title=\"Page 10\">\n<div class=\"layoutArea\">\n<div class=\"column\">\n<p style=\"font-weight: 400;\">D\u00e9tergent liquide \u00e0 action \u00e9molliente contre la salet\u00e9 &#8211; qui sera d\u00e9finitivement \u00e9limin\u00e9e par l&rsquo;action m\u00e9canique du nettoyeur haute pression, adapt\u00e9 pour nettoyer en profondeur la carrosserie, en particulier la partie inf\u00e9rieure, et les jantes de la graisse et de l&rsquo;oxyde. Surtout pendant la saison estivale, il est recommand\u00e9 d&rsquo;op\u00e9rer sur des surfaces refroidies. A faible dilution, \u00e9viter le contact prolong\u00e9 avec l&rsquo;aluminium et ses alliages.<\/p>\n<\/div>\n<\/div>\n<\/div>\n","protected":false},"excerpt":{"rendered":"<div class=\"page\" title=\"Page 10\">\n<div class=\"layoutArea\">\n<div class=\"column\">\n<div><span lang=\"DE\">\u00c9LIMINATEUR D&rsquo;INSECTES FORT<\/span><\/div>\n<\/div>\n<\/div>\n<\/div>\n","protected":false},"featured_media":7647,"template":"","meta":{"_acf_changed":false,"_seopress_robots_primary_cat":"","_seopress_titles_title":"","_seopress_titles_desc":"","_seopress_robots_index":"","_seopress_analysis_target_kw":""},"product_brand":[],"product_cat":[272,354],"product_tag":[],"class_list":{"0":"post-5201","1":"product","2":"type-product","3":"status-publish","4":"has-post-thumbnail","6":"product_cat-linea-atasdet-fr","7":"product_cat-prelavages-de-puissance-moyenne","9":"first","10":"instock","11":"shipping-taxable","12":"product-type-variable"},"acf":[],"_links":{"self":[{"href":"https:\/\/www.atassrl.it\/fr\/wp-json\/wp\/v2\/product\/5201","targetHints":{"allow":["GET"]}}],"collection":[{"href":"https:\/\/www.atassrl.it\/fr\/wp-json\/wp\/v2\/product"}],"about":[{"href":"https:\/\/www.atassrl.it\/fr\/wp-json\/wp\/v2\/types\/product"}],"wp:featuredmedia":[{"embeddable":true,"href":"https:\/\/www.atassrl.it\/fr\/wp-json\/wp\/v2\/media\/7647"}],"wp:attachment":[{"href":"https:\/\/www.atassrl.it\/fr\/wp-json\/wp\/v2\/media?parent=5201"}],"wp:term":[{"taxonomy":"product_brand","embeddable":true,"href":"https:\/\/www.atassrl.it\/fr\/wp-json\/wp\/v2\/product_brand?post=5201"},{"taxonomy":"product_cat","embeddable":true,"href":"https:\/\/www.atassrl.it\/fr\/wp-json\/wp\/v2\/product_cat?post=5201"},{"taxonomy":"product_tag","embeddable":true,"href":"https:\/\/www.atassrl.it\/fr\/wp-json\/wp\/v2\/product_tag?post=5201"}],"curies":[{"name":"wp","href":"https:\/\/api.w.org\/{rel}","templated":true}]}}