{"id":7941,"date":"2020-06-11T17:17:14","date_gmt":"2020-06-11T15:17:14","guid":{"rendered":"https:\/\/www.atassrl.it\/prodotto\/oxycar-2\/"},"modified":"2022-07-14T17:34:52","modified_gmt":"2022-07-14T15:34:52","slug":"oxycar-2","status":"publish","type":"product","link":"https:\/\/www.atassrl.it\/fr\/prodotto\/oxycar-2\/","title":{"rendered":"OXYCAR"},"content":{"rendered":"<p>Produit sp\u00e9cial au pH \u00e9quilibr\u00e9, sans acides ni alcalis, adapt\u00e9 pour dissoudre en profondeur les oxydes ferreux et les r\u00e9sidus qui ont contamin\u00e9 la peinture, les jantes en aluminium et en alliage et le verre de voiture. Particuli\u00e8rement adapt\u00e9 pour restaurer l&rsquo;aspect d&rsquo;origine des v\u00e9hicules stationn\u00e9s depuis longtemps \u00e0 proximit\u00e9 des fonderies et des gares de triage, c&rsquo;est aussi un pr\u00e9-traitement valable pour les op\u00e9rations de polissage. Rapide et s\u00fbr, il n&rsquo;alt\u00e8re pas les pi\u00e8ces en caoutchouc ou en plastique.<\/p>\n","protected":false},"excerpt":{"rendered":"<p>AGENT D\u00c9CONTAMINANT POUR JANTES ET PEINTURES<\/p>\n","protected":false},"featured_media":9099,"template":"","meta":{"_acf_changed":false,"_seopress_robots_primary_cat":"","_seopress_titles_title":"","_seopress_titles_desc":"","_seopress_robots_index":"","_seopress_analysis_target_kw":""},"product_brand":[],"product_cat":[184,787],"product_tag":[867],"class_list":{"0":"post-7941","1":"product","2":"type-product","3":"status-publish","4":"has-post-thumbnail","6":"product_cat-linea-atascar-fr","7":"product_cat-pneus-et-jantes","8":"product_tag-decontaminants-fr-2","10":"first","11":"instock","12":"shipping-taxable","13":"product-type-simple"},"acf":[],"_links":{"self":[{"href":"https:\/\/www.atassrl.it\/fr\/wp-json\/wp\/v2\/product\/7941","targetHints":{"allow":["GET"]}}],"collection":[{"href":"https:\/\/www.atassrl.it\/fr\/wp-json\/wp\/v2\/product"}],"about":[{"href":"https:\/\/www.atassrl.it\/fr\/wp-json\/wp\/v2\/types\/product"}],"wp:featuredmedia":[{"embeddable":true,"href":"https:\/\/www.atassrl.it\/fr\/wp-json\/wp\/v2\/media\/9099"}],"wp:attachment":[{"href":"https:\/\/www.atassrl.it\/fr\/wp-json\/wp\/v2\/media?parent=7941"}],"wp:term":[{"taxonomy":"product_brand","embeddable":true,"href":"https:\/\/www.atassrl.it\/fr\/wp-json\/wp\/v2\/product_brand?post=7941"},{"taxonomy":"product_cat","embeddable":true,"href":"https:\/\/www.atassrl.it\/fr\/wp-json\/wp\/v2\/product_cat?post=7941"},{"taxonomy":"product_tag","embeddable":true,"href":"https:\/\/www.atassrl.it\/fr\/wp-json\/wp\/v2\/product_tag?post=7941"}],"curies":[{"name":"wp","href":"https:\/\/api.w.org\/{rel}","templated":true}]}}