{"id":8078,"date":"2022-06-20T18:21:36","date_gmt":"2022-06-20T16:21:36","guid":{"rendered":"https:\/\/www.atassrl.it\/?post_type=product&#038;p=8078"},"modified":"2022-07-14T17:32:53","modified_gmt":"2022-07-14T15:32:53","slug":"makycar-cs-2","status":"publish","type":"product","link":"https:\/\/www.atassrl.it\/fr\/prodotto\/makycar-cs-2\/","title":{"rendered":"MAKYCAR CS"},"content":{"rendered":"<p>Formule \u00e0 haute concentration d&rsquo;huiles et de cires, particuli\u00e8rement efficace pour \u00e9liminer le smog, la suie et les r\u00e9sidus de p\u00e2tes abrasives. Il polit et prot\u00e8ge les peintures pastel et m\u00e9tallis\u00e9es. Il peut \u00eatre utilis\u00e9 \u00e0 la fois manuellement et avec une machine \u00e0 polir car il s&rsquo;agit d&rsquo;un produit professionnel. Disponible en version abrasive sans silicone \u00ab 1 SA \u00bb et \u00ab 2 SL \u00bb sans silicone.<\/p>\n","protected":false},"excerpt":{"rendered":"<p>POLISSAGE AU SILICONE POUR CARROSSERIE<\/p>\n","protected":false},"featured_media":8081,"template":"","meta":{"_acf_changed":false,"_seopress_robots_primary_cat":"","_seopress_titles_title":"","_seopress_titles_desc":"","_seopress_robots_index":"","_seopress_analysis_target_kw":""},"product_brand":[],"product_cat":[184],"product_tag":[],"class_list":{"0":"post-8078","1":"product","2":"type-product","3":"status-publish","4":"has-post-thumbnail","6":"product_cat-linea-atascar-fr","8":"first","9":"instock","10":"shipping-taxable","11":"product-type-simple"},"acf":[],"_links":{"self":[{"href":"https:\/\/www.atassrl.it\/fr\/wp-json\/wp\/v2\/product\/8078","targetHints":{"allow":["GET"]}}],"collection":[{"href":"https:\/\/www.atassrl.it\/fr\/wp-json\/wp\/v2\/product"}],"about":[{"href":"https:\/\/www.atassrl.it\/fr\/wp-json\/wp\/v2\/types\/product"}],"wp:featuredmedia":[{"embeddable":true,"href":"https:\/\/www.atassrl.it\/fr\/wp-json\/wp\/v2\/media\/8081"}],"wp:attachment":[{"href":"https:\/\/www.atassrl.it\/fr\/wp-json\/wp\/v2\/media?parent=8078"}],"wp:term":[{"taxonomy":"product_brand","embeddable":true,"href":"https:\/\/www.atassrl.it\/fr\/wp-json\/wp\/v2\/product_brand?post=8078"},{"taxonomy":"product_cat","embeddable":true,"href":"https:\/\/www.atassrl.it\/fr\/wp-json\/wp\/v2\/product_cat?post=8078"},{"taxonomy":"product_tag","embeddable":true,"href":"https:\/\/www.atassrl.it\/fr\/wp-json\/wp\/v2\/product_tag?post=8078"}],"curies":[{"name":"wp","href":"https:\/\/api.w.org\/{rel}","templated":true}]}}