{"id":8093,"date":"2022-06-20T18:30:24","date_gmt":"2022-06-20T16:30:24","guid":{"rendered":"https:\/\/www.atassrl.it\/?post_type=product&#038;p=8093"},"modified":"2022-07-01T17:25:05","modified_gmt":"2022-07-01T15:25:05","slug":"maky-nano","status":"publish","type":"product","link":"https:\/\/www.atassrl.it\/fr\/prodotto\/maky-nano\/","title":{"rendered":"MAKY NANO"},"content":{"rendered":"<div class=\"page\" title=\"Page 12\">\n<div class=\"layoutArea\">\n<div class=\"column\">\n<p style=\"font-weight: 400;\">\u00c9mulsion de silicone aux caract\u00e9ristiques de polissage particuli\u00e8res avec des composants relevant de la nanotechnologie. La taille de ses particules est infinit\u00e9simale, ce qui nous conduit \u00e0 recommander de travailler dans des environnements particuli\u00e8rement a\u00e9r\u00e9s pour \u00e9viter que l&rsquo;op\u00e9rateur ne les absorbe par inhalation. MAKY NANO peut \u00eatre dilu\u00e9 et travaill\u00e9 m\u00eame \u00e0 froid.<\/p>\n<\/div>\n<\/div>\n<\/div>\n","protected":false},"excerpt":{"rendered":"<div class=\"page\" title=\"Page 12\">\n<div class=\"layoutArea\">\n<div class=\"column\">\n<div><span lang=\"EN-GB\">POLISSAGE NANOTECH<\/span><\/div>\n<\/div>\n<\/div>\n<\/div>\n","protected":false},"featured_media":8096,"template":"","meta":{"_acf_changed":false,"_seopress_robots_primary_cat":"","_seopress_titles_title":"","_seopress_titles_desc":"","_seopress_robots_index":"","_seopress_analysis_target_kw":""},"product_brand":[],"product_cat":[184],"product_tag":[],"class_list":{"0":"post-8093","1":"product","2":"type-product","3":"status-publish","4":"has-post-thumbnail","6":"product_cat-linea-atascar-fr","8":"first","9":"instock","10":"shipping-taxable","11":"product-type-simple"},"acf":[],"_links":{"self":[{"href":"https:\/\/www.atassrl.it\/fr\/wp-json\/wp\/v2\/product\/8093","targetHints":{"allow":["GET"]}}],"collection":[{"href":"https:\/\/www.atassrl.it\/fr\/wp-json\/wp\/v2\/product"}],"about":[{"href":"https:\/\/www.atassrl.it\/fr\/wp-json\/wp\/v2\/types\/product"}],"wp:featuredmedia":[{"embeddable":true,"href":"https:\/\/www.atassrl.it\/fr\/wp-json\/wp\/v2\/media\/8096"}],"wp:attachment":[{"href":"https:\/\/www.atassrl.it\/fr\/wp-json\/wp\/v2\/media?parent=8093"}],"wp:term":[{"taxonomy":"product_brand","embeddable":true,"href":"https:\/\/www.atassrl.it\/fr\/wp-json\/wp\/v2\/product_brand?post=8093"},{"taxonomy":"product_cat","embeddable":true,"href":"https:\/\/www.atassrl.it\/fr\/wp-json\/wp\/v2\/product_cat?post=8093"},{"taxonomy":"product_tag","embeddable":true,"href":"https:\/\/www.atassrl.it\/fr\/wp-json\/wp\/v2\/product_tag?post=8093"}],"curies":[{"name":"wp","href":"https:\/\/api.w.org\/{rel}","templated":true}]}}