{"id":8316,"date":"2022-06-21T17:30:46","date_gmt":"2022-06-21T15:30:46","guid":{"rendered":"https:\/\/www.atassrl.it\/?post_type=product&#038;p=8316"},"modified":"2022-07-04T10:58:47","modified_gmt":"2022-07-04T08:58:47","slug":"solux","status":"publish","type":"product","link":"https:\/\/www.atassrl.it\/fr\/prodotto\/solux\/","title":{"rendered":"SOLUX"},"content":{"rendered":"<p style=\"font-weight: 400;\">Nouveau produit riche en polym\u00e8res capable de donner brillance et protection \u00e0 n&rsquo;importe quelle partie du car\u00e9nage ou du plastique du v\u00e9lo. Sa formule sans solvant et sans abrasif, en plus d&rsquo;\u00eatre totalement s\u00fbre, cr\u00e9e un film hydrofuge capable d&#8217;emp\u00eacher le d\u00e9p\u00f4t de salet\u00e9, simplifiant l&rsquo;op\u00e9ration de lavage.<\/p>\n","protected":false},"excerpt":{"rendered":"<p>CIRE POLISSANTE POUR CARENAGES MOTO<\/p>\n","protected":false},"featured_media":9009,"template":"","meta":{"_acf_changed":false,"_seopress_robots_primary_cat":"","_seopress_titles_title":"","_seopress_titles_desc":"","_seopress_robots_index":"","_seopress_analysis_target_kw":""},"product_brand":[],"product_cat":[184,217],"product_tag":[867],"class_list":{"0":"post-8316","1":"product","2":"type-product","3":"status-publish","4":"has-post-thumbnail","6":"product_cat-linea-atascar-fr","7":"product_cat-motos-et-velos","8":"product_tag-decontaminants-fr-2","10":"first","11":"instock","12":"shipping-taxable","13":"product-type-simple"},"acf":[],"_links":{"self":[{"href":"https:\/\/www.atassrl.it\/fr\/wp-json\/wp\/v2\/product\/8316","targetHints":{"allow":["GET"]}}],"collection":[{"href":"https:\/\/www.atassrl.it\/fr\/wp-json\/wp\/v2\/product"}],"about":[{"href":"https:\/\/www.atassrl.it\/fr\/wp-json\/wp\/v2\/types\/product"}],"wp:featuredmedia":[{"embeddable":true,"href":"https:\/\/www.atassrl.it\/fr\/wp-json\/wp\/v2\/media\/9009"}],"wp:attachment":[{"href":"https:\/\/www.atassrl.it\/fr\/wp-json\/wp\/v2\/media?parent=8316"}],"wp:term":[{"taxonomy":"product_brand","embeddable":true,"href":"https:\/\/www.atassrl.it\/fr\/wp-json\/wp\/v2\/product_brand?post=8316"},{"taxonomy":"product_cat","embeddable":true,"href":"https:\/\/www.atassrl.it\/fr\/wp-json\/wp\/v2\/product_cat?post=8316"},{"taxonomy":"product_tag","embeddable":true,"href":"https:\/\/www.atassrl.it\/fr\/wp-json\/wp\/v2\/product_tag?post=8316"}],"curies":[{"name":"wp","href":"https:\/\/api.w.org\/{rel}","templated":true}]}}