{"id":8352,"date":"2022-06-22T10:51:45","date_gmt":"2022-06-22T08:51:45","guid":{"rendered":"https:\/\/www.atassrl.it\/?post_type=product&#038;p=8352"},"modified":"2022-07-04T11:10:02","modified_gmt":"2022-07-04T09:10:02","slug":"delcat","status":"publish","type":"product","link":"https:\/\/www.atassrl.it\/fr\/prodotto\/delcat\/","title":{"rendered":"DELCAT"},"content":{"rendered":"<div class=\"page\" title=\"Page 39\">\n<div class=\"layoutArea\">\n<div class=\"column\">\n<p style=\"font-weight: 400;\">Produit sp\u00e9cialement con\u00e7u pour nettoyer la cha\u00eene de moto. Sa formule vous permet d&rsquo;\u00e9liminer la salet\u00e9 et la graisse en toute s\u00e9curit\u00e9 et rapidement tout en respectant les joints toriques, les joints en X et les joints en Z. Son utilisation r\u00e9guli\u00e8re permet de prolonger la dur\u00e9e de vie de la cha\u00eene en limitant l&rsquo;usure. La paille permet d&rsquo;\u00e9viter une plus grande consommation de produit.<\/p>\n<\/div>\n<\/div>\n<\/div>\n","protected":false},"excerpt":{"rendered":"<div class=\"page\" title=\"Page 39\">\n<div class=\"layoutArea\">\n<div class=\"column\">\n<div><span lang=\"DE\">D\u00c9GRAISSANT POUR CHA\u00ceNES<\/span><\/div>\n<\/div>\n<\/div>\n<\/div>\n","protected":false},"featured_media":8355,"template":"","meta":{"_acf_changed":false,"_seopress_robots_primary_cat":"","_seopress_titles_title":"","_seopress_titles_desc":"","_seopress_robots_index":"","_seopress_analysis_target_kw":""},"product_brand":[],"product_cat":[184,217],"product_tag":[],"class_list":{"0":"post-8352","1":"product","2":"type-product","3":"status-publish","4":"has-post-thumbnail","6":"product_cat-linea-atascar-fr","7":"product_cat-motos-et-velos","9":"first","10":"instock","11":"shipping-taxable","12":"product-type-simple"},"acf":[],"_links":{"self":[{"href":"https:\/\/www.atassrl.it\/fr\/wp-json\/wp\/v2\/product\/8352","targetHints":{"allow":["GET"]}}],"collection":[{"href":"https:\/\/www.atassrl.it\/fr\/wp-json\/wp\/v2\/product"}],"about":[{"href":"https:\/\/www.atassrl.it\/fr\/wp-json\/wp\/v2\/types\/product"}],"wp:featuredmedia":[{"embeddable":true,"href":"https:\/\/www.atassrl.it\/fr\/wp-json\/wp\/v2\/media\/8355"}],"wp:attachment":[{"href":"https:\/\/www.atassrl.it\/fr\/wp-json\/wp\/v2\/media?parent=8352"}],"wp:term":[{"taxonomy":"product_brand","embeddable":true,"href":"https:\/\/www.atassrl.it\/fr\/wp-json\/wp\/v2\/product_brand?post=8352"},{"taxonomy":"product_cat","embeddable":true,"href":"https:\/\/www.atassrl.it\/fr\/wp-json\/wp\/v2\/product_cat?post=8352"},{"taxonomy":"product_tag","embeddable":true,"href":"https:\/\/www.atassrl.it\/fr\/wp-json\/wp\/v2\/product_tag?post=8352"}],"curies":[{"name":"wp","href":"https:\/\/api.w.org\/{rel}","templated":true}]}}