{"id":8374,"date":"2022-06-22T10:55:43","date_gmt":"2022-06-22T08:55:43","guid":{"rendered":"https:\/\/www.atassrl.it\/?post_type=product&#038;p=8374"},"modified":"2022-07-15T10:50:22","modified_gmt":"2022-07-15T08:50:22","slug":"rinpel-copia","status":"publish","type":"product","link":"https:\/\/www.atassrl.it\/fr\/prodotto\/rinpel-copia\/","title":{"rendered":"RINPEL (Copia)"},"content":{"rendered":"<div class=\"page\" title=\"Page 18\">\n<div class=\"section\">\n<div class=\"layoutArea\">\n<div class=\"column\">\n<p>D\u00e9tergent parfum\u00e9 avec une action nettoyante et \u00e9claircissante des couleurs pour les surfaces en cuir naturel et synth\u00e9tique. A base de cires naturelles pr\u00e9cieuses et d&rsquo;huiles \u00e9mollientes, il donne de l&rsquo;\u00e9clat aux parties trait\u00e9es, les laissant agr\u00e9ablement douces et prot\u00e9g\u00e9es. Avec un effet hydratant, il pr\u00e9vient la formation de fissures. Convient pour les si\u00e8ges et les int\u00e9rieurs de voiture, les fauteuils et les canap\u00e9s.<\/p>\n<\/div>\n<\/div>\n<\/div>\n<\/div>\n","protected":false},"excerpt":{"rendered":"<div class=\"page\" title=\"Page 18\">\n<div class=\"section\">\n<div class=\"layoutArea\">\n<div class=\"column\">\n<p>NETTOIE, BRILLE ET NOURRIT LA PEAU<\/p>\n<\/div>\n<\/div>\n<\/div>\n<\/div>\n","protected":false},"featured_media":8384,"template":"","meta":{"_acf_changed":false,"_seopress_robots_primary_cat":"","_seopress_titles_title":"","_seopress_titles_desc":"","_seopress_robots_index":"","_seopress_analysis_target_kw":""},"product_brand":[],"product_cat":[184],"product_tag":[],"class_list":{"0":"post-8374","1":"product","2":"type-product","3":"status-publish","4":"has-post-thumbnail","6":"product_cat-linea-atascar-fr","8":"first","9":"instock","10":"shipping-taxable","11":"product-type-variable"},"acf":[],"_links":{"self":[{"href":"https:\/\/www.atassrl.it\/fr\/wp-json\/wp\/v2\/product\/8374","targetHints":{"allow":["GET"]}}],"collection":[{"href":"https:\/\/www.atassrl.it\/fr\/wp-json\/wp\/v2\/product"}],"about":[{"href":"https:\/\/www.atassrl.it\/fr\/wp-json\/wp\/v2\/types\/product"}],"wp:featuredmedia":[{"embeddable":true,"href":"https:\/\/www.atassrl.it\/fr\/wp-json\/wp\/v2\/media\/8384"}],"wp:attachment":[{"href":"https:\/\/www.atassrl.it\/fr\/wp-json\/wp\/v2\/media?parent=8374"}],"wp:term":[{"taxonomy":"product_brand","embeddable":true,"href":"https:\/\/www.atassrl.it\/fr\/wp-json\/wp\/v2\/product_brand?post=8374"},{"taxonomy":"product_cat","embeddable":true,"href":"https:\/\/www.atassrl.it\/fr\/wp-json\/wp\/v2\/product_cat?post=8374"},{"taxonomy":"product_tag","embeddable":true,"href":"https:\/\/www.atassrl.it\/fr\/wp-json\/wp\/v2\/product_tag?post=8374"}],"curies":[{"name":"wp","href":"https:\/\/api.w.org\/{rel}","templated":true}]}}