{"id":8447,"date":"2022-06-22T15:41:15","date_gmt":"2022-06-22T13:41:15","guid":{"rendered":"https:\/\/www.atassrl.it\/?post_type=product&#038;p=8447"},"modified":"2022-07-04T13:52:45","modified_gmt":"2022-07-04T11:52:45","slug":"galar-rame","status":"publish","type":"product","link":"https:\/\/www.atassrl.it\/fr\/prodotto\/galar-rame\/","title":{"rendered":"GALAR RAME"},"content":{"rendered":"<div class=\"page\" title=\"Page 37\">\n<div class=\"section\">\n<div class=\"layoutArea\">\n<div class=\"column\">\n<p>Lubrifiant r\u00e9sistant aux tr\u00e8s hautes temp\u00e9ratures, il est utilis\u00e9 dans les aci\u00e9ries, fonderies, ateliers m\u00e9caniques, secteurs naval et ferroviaire, moulage m\u00e9tal et plastique, entreprises de construction. Id\u00e9al pour le montage de chaudi\u00e8res et de plaques de br\u00fbleur, d&rsquo;\u00e9crous de collecteur d&rsquo;\u00e9chappement de v\u00e9hicule, de ressorts \u00e0 lames, d&rsquo;accouplements et de crochets de remorquage. Il ne subit pas les alt\u00e9rations des agents atmosph\u00e9riques et \u00e9vite la rouille sur les soudures et les pi\u00e8ces m\u00e9talliques.<\/p>\n<\/div>\n<\/div>\n<\/div>\n<\/div>\n","protected":false},"excerpt":{"rendered":"<div class=\"page\" title=\"Page 37\">\n<div class=\"section\">\n<div class=\"layoutArea\">\n<div class=\"column\">\n<p>GRAISSE EN SPRAY AU LITHIUM ET BISOLFURE DE MOLYBDE\u0300NE<\/p>\n<\/div>\n<\/div>\n<\/div>\n<\/div>\n","protected":false},"featured_media":8450,"template":"","meta":{"_acf_changed":false,"_seopress_robots_primary_cat":"","_seopress_titles_title":"","_seopress_titles_desc":"","_seopress_robots_index":"","_seopress_analysis_target_kw":""},"product_brand":[],"product_cat":[184,207],"product_tag":[878],"class_list":{"0":"post-8447","1":"product","2":"type-product","3":"status-publish","4":"has-post-thumbnail","6":"product_cat-linea-atascar-fr","7":"product_cat-lubrifiants","8":"product_tag-produits-techniques","10":"first","11":"outofstock","12":"shipping-taxable","13":"product-type-simple"},"acf":[],"_links":{"self":[{"href":"https:\/\/www.atassrl.it\/fr\/wp-json\/wp\/v2\/product\/8447","targetHints":{"allow":["GET"]}}],"collection":[{"href":"https:\/\/www.atassrl.it\/fr\/wp-json\/wp\/v2\/product"}],"about":[{"href":"https:\/\/www.atassrl.it\/fr\/wp-json\/wp\/v2\/types\/product"}],"wp:featuredmedia":[{"embeddable":true,"href":"https:\/\/www.atassrl.it\/fr\/wp-json\/wp\/v2\/media\/8450"}],"wp:attachment":[{"href":"https:\/\/www.atassrl.it\/fr\/wp-json\/wp\/v2\/media?parent=8447"}],"wp:term":[{"taxonomy":"product_brand","embeddable":true,"href":"https:\/\/www.atassrl.it\/fr\/wp-json\/wp\/v2\/product_brand?post=8447"},{"taxonomy":"product_cat","embeddable":true,"href":"https:\/\/www.atassrl.it\/fr\/wp-json\/wp\/v2\/product_cat?post=8447"},{"taxonomy":"product_tag","embeddable":true,"href":"https:\/\/www.atassrl.it\/fr\/wp-json\/wp\/v2\/product_tag?post=8447"}],"curies":[{"name":"wp","href":"https:\/\/api.w.org\/{rel}","templated":true}]}}