{"id":8457,"date":"2022-06-22T15:42:59","date_gmt":"2022-06-22T13:42:59","guid":{"rendered":"https:\/\/www.atassrl.it\/?post_type=product&#038;p=8457"},"modified":"2022-07-04T13:54:17","modified_gmt":"2022-07-04T11:54:17","slug":"galar-bisolfuro","status":"publish","type":"product","link":"https:\/\/www.atassrl.it\/fr\/prodotto\/galar-bisolfuro\/","title":{"rendered":"GALAR BISOLFURO"},"content":{"rendered":"<div class=\"page\" title=\"Page 37\">\n<div class=\"section\">\n<div class=\"layoutArea\">\n<div class=\"column\">\n<p style=\"font-weight: 400;\">A haut pouvoir lubrifiant et antioxydant, il prot\u00e8ge, adh\u00e8re et scelle. Il ne craque pas, n&rsquo;est pas lavable, ne durcit pas et est un excellent antioxydant. Sp\u00e9cifique pour les pi\u00e8ces m\u00e9caniques soumises \u00e0 de fortes sollicitations, il reste inchang\u00e9 dans une plage de temp\u00e9rature de -20\u00b0C \u00e0 +700\u00b0C. Adapt\u00e9 aux roulements et glissements, chariots d&rsquo;ateliers de peinture, joints de cardan, cha\u00eenes de four, etc.<\/p>\n<\/div>\n<\/div>\n<\/div>\n<\/div>\n","protected":false},"excerpt":{"rendered":"<div class=\"page\" title=\"Page 37\">\n<div class=\"section\">\n<div class=\"layoutArea\">\n<div class=\"column\">\n<div><span lang=\"DE\">GRAISSE ADH\u00c9SIVE AU BISULFURE DE MOLYBD\u00c8NE<\/span><\/div>\n<\/div>\n<\/div>\n<\/div>\n<\/div>\n","protected":false},"featured_media":8460,"template":"","meta":{"_acf_changed":false,"_seopress_robots_primary_cat":"","_seopress_titles_title":"","_seopress_titles_desc":"","_seopress_robots_index":"","_seopress_analysis_target_kw":""},"product_brand":[],"product_cat":[184,207],"product_tag":[],"class_list":{"0":"post-8457","1":"product","2":"type-product","3":"status-publish","4":"has-post-thumbnail","6":"product_cat-linea-atascar-fr","7":"product_cat-lubrifiants","9":"first","10":"outofstock","11":"shipping-taxable","12":"product-type-simple"},"acf":[],"_links":{"self":[{"href":"https:\/\/www.atassrl.it\/fr\/wp-json\/wp\/v2\/product\/8457","targetHints":{"allow":["GET"]}}],"collection":[{"href":"https:\/\/www.atassrl.it\/fr\/wp-json\/wp\/v2\/product"}],"about":[{"href":"https:\/\/www.atassrl.it\/fr\/wp-json\/wp\/v2\/types\/product"}],"wp:featuredmedia":[{"embeddable":true,"href":"https:\/\/www.atassrl.it\/fr\/wp-json\/wp\/v2\/media\/8460"}],"wp:attachment":[{"href":"https:\/\/www.atassrl.it\/fr\/wp-json\/wp\/v2\/media?parent=8457"}],"wp:term":[{"taxonomy":"product_brand","embeddable":true,"href":"https:\/\/www.atassrl.it\/fr\/wp-json\/wp\/v2\/product_brand?post=8457"},{"taxonomy":"product_cat","embeddable":true,"href":"https:\/\/www.atassrl.it\/fr\/wp-json\/wp\/v2\/product_cat?post=8457"},{"taxonomy":"product_tag","embeddable":true,"href":"https:\/\/www.atassrl.it\/fr\/wp-json\/wp\/v2\/product_tag?post=8457"}],"curies":[{"name":"wp","href":"https:\/\/api.w.org\/{rel}","templated":true}]}}