{"id":8467,"date":"2022-06-22T15:46:22","date_gmt":"2022-06-22T13:46:22","guid":{"rendered":"https:\/\/www.atassrl.it\/?post_type=product&#038;p=8467"},"modified":"2022-07-04T13:58:41","modified_gmt":"2022-07-04T11:58:41","slug":"galar-silicone","status":"publish","type":"product","link":"https:\/\/www.atassrl.it\/fr\/prodotto\/galar-silicone\/","title":{"rendered":"GALAR SILICONE"},"content":{"rendered":"<div class=\"page\" title=\"Page 37\">\n<div class=\"section\">\n<div class=\"layoutArea\">\n<div class=\"column\">\n<p style=\"font-weight: 400;\">Graisse \u00e0 base de silicone, extr\u00eamement polyvalente gr\u00e2ce \u00e0 ses caract\u00e9ristiques. Il permet un travail pr\u00e9cis et propre car il ne coule pas. Il r\u00e9siste \u00e0 l&rsquo;humidit\u00e9 et \u00e0 la condensation, \u00e9tant hydrofuge, il est largement utilis\u00e9 dans le secteur de la plomberie comme lubrifiant pour les robinets, les vannes et les surfaces de glissement. Particuli\u00e8rement s\u00fbr et inerte, il poss\u00e8de un indice de viscosit\u00e9 \u00e9lev\u00e9 donc r\u00e9duit consid\u00e9rablement les frottements, excellente r\u00e9sistance aux hautes temp\u00e9ratures. R\u00e9duit le bruit.<\/p>\n<\/div>\n<\/div>\n<\/div>\n<\/div>\n","protected":false},"excerpt":{"rendered":"<div class=\"page\" title=\"Page 37\">\n<div class=\"section\">\n<div class=\"layoutArea\">\n<div class=\"column\">\n<p>GRAISSE LUBRIFIANTE AU SILICONE<\/p>\n<\/div>\n<\/div>\n<\/div>\n<\/div>\n","protected":false},"featured_media":8470,"template":"","meta":{"_acf_changed":false,"_seopress_robots_primary_cat":"","_seopress_titles_title":"","_seopress_titles_desc":"","_seopress_robots_index":"","_seopress_analysis_target_kw":""},"product_brand":[],"product_cat":[184,207],"product_tag":[],"class_list":{"0":"post-8467","1":"product","2":"type-product","3":"status-publish","4":"has-post-thumbnail","6":"product_cat-linea-atascar-fr","7":"product_cat-lubrifiants","9":"first","10":"outofstock","11":"shipping-taxable","12":"product-type-simple"},"acf":[],"_links":{"self":[{"href":"https:\/\/www.atassrl.it\/fr\/wp-json\/wp\/v2\/product\/8467","targetHints":{"allow":["GET"]}}],"collection":[{"href":"https:\/\/www.atassrl.it\/fr\/wp-json\/wp\/v2\/product"}],"about":[{"href":"https:\/\/www.atassrl.it\/fr\/wp-json\/wp\/v2\/types\/product"}],"wp:featuredmedia":[{"embeddable":true,"href":"https:\/\/www.atassrl.it\/fr\/wp-json\/wp\/v2\/media\/8470"}],"wp:attachment":[{"href":"https:\/\/www.atassrl.it\/fr\/wp-json\/wp\/v2\/media?parent=8467"}],"wp:term":[{"taxonomy":"product_brand","embeddable":true,"href":"https:\/\/www.atassrl.it\/fr\/wp-json\/wp\/v2\/product_brand?post=8467"},{"taxonomy":"product_cat","embeddable":true,"href":"https:\/\/www.atassrl.it\/fr\/wp-json\/wp\/v2\/product_cat?post=8467"},{"taxonomy":"product_tag","embeddable":true,"href":"https:\/\/www.atassrl.it\/fr\/wp-json\/wp\/v2\/product_tag?post=8467"}],"curies":[{"name":"wp","href":"https:\/\/api.w.org\/{rel}","templated":true}]}}