{"id":8477,"date":"2022-06-22T15:53:54","date_gmt":"2022-06-22T13:53:54","guid":{"rendered":"https:\/\/www.atassrl.it\/?post_type=product&#038;p=8477"},"modified":"2022-08-03T12:13:48","modified_gmt":"2022-08-03T10:13:48","slug":"ad-blue","status":"publish","type":"product","link":"https:\/\/www.atassrl.it\/fr\/prodotto\/ad-blue\/","title":{"rendered":"Ad Blue\u00ae"},"content":{"rendered":"<div class=\"page\" title=\"Page 46\">\n<div class=\"layoutArea\">\n<div class=\"column\">\n<p style=\"font-weight: 400;\">Ad Blue \u00ae est un m\u00e9lange d&rsquo;ur\u00e9e techniquement pure et d&rsquo;eau d\u00e9min\u00e9ralis\u00e9e. La solution d&rsquo;ur\u00e9e \u00e0 32,5% est non toxique, incolore avec une l\u00e9g\u00e8re odeur d&rsquo;ammoniac, sans danger pour l&rsquo;environnement. Il r\u00e9pond aux normes AUS 32 ISO 22241 et est utilis\u00e9 dans les camions et les voitures particuli\u00e8res modernes ainsi que dans les bus \u00e9quip\u00e9s de la technologie SCR (euro 6). La r\u00e9duction des \u00e9missions d&rsquo;oxyde d&rsquo;azote s&rsquo;applique \u00e9galement \u00e0 ce que l&rsquo;on appelle le \u00ab Diesel Off Road \u00bb, c&rsquo;est-\u00e0-dire les tracteurs agricoles, les bateaux fluviaux et maritimes et les locomotives ferroviaires.<\/p>\n<\/div>\n<\/div>\n<\/div>\n","protected":false},"excerpt":{"rendered":"<div class=\"page\" title=\"Page 46\">\n<div class=\"layoutArea\">\n<div class=\"column\">\n<div><span lang=\"EN-GB\">ADDITIF POUR MOTEURS DIESEL EURO 6<\/span><\/div>\n<\/div>\n<\/div>\n<\/div>\n","protected":false},"featured_media":8480,"template":"","meta":{"_acf_changed":false,"_seopress_robots_primary_cat":"","_seopress_titles_title":"","_seopress_titles_desc":"","_seopress_robots_index":"","_seopress_analysis_target_kw":""},"product_brand":[],"product_cat":[377,184,272,781],"product_tag":[894],"class_list":{"0":"post-8477","1":"product","2":"type-product","3":"status-publish","4":"has-post-thumbnail","6":"product_cat-emplois-specifiques","7":"product_cat-linea-atascar-fr","8":"product_cat-linea-atasdet-fr","9":"product_cat-nettoyants-exterieurs","10":"product_tag-lavage","12":"first","13":"instock","14":"shipping-taxable","15":"product-type-variable"},"acf":[],"_links":{"self":[{"href":"https:\/\/www.atassrl.it\/fr\/wp-json\/wp\/v2\/product\/8477","targetHints":{"allow":["GET"]}}],"collection":[{"href":"https:\/\/www.atassrl.it\/fr\/wp-json\/wp\/v2\/product"}],"about":[{"href":"https:\/\/www.atassrl.it\/fr\/wp-json\/wp\/v2\/types\/product"}],"wp:featuredmedia":[{"embeddable":true,"href":"https:\/\/www.atassrl.it\/fr\/wp-json\/wp\/v2\/media\/8480"}],"wp:attachment":[{"href":"https:\/\/www.atassrl.it\/fr\/wp-json\/wp\/v2\/media?parent=8477"}],"wp:term":[{"taxonomy":"product_brand","embeddable":true,"href":"https:\/\/www.atassrl.it\/fr\/wp-json\/wp\/v2\/product_brand?post=8477"},{"taxonomy":"product_cat","embeddable":true,"href":"https:\/\/www.atassrl.it\/fr\/wp-json\/wp\/v2\/product_cat?post=8477"},{"taxonomy":"product_tag","embeddable":true,"href":"https:\/\/www.atassrl.it\/fr\/wp-json\/wp\/v2\/product_tag?post=8477"}],"curies":[{"name":"wp","href":"https:\/\/api.w.org\/{rel}","templated":true}]}}