{"id":8505,"date":"2022-06-22T16:31:46","date_gmt":"2022-06-22T14:31:46","guid":{"rendered":"https:\/\/www.atassrl.it\/?post_type=product&#038;p=8505"},"modified":"2022-07-04T16:57:08","modified_gmt":"2022-07-04T14:57:08","slug":"dimer-copia-copia","status":"publish","type":"product","link":"https:\/\/www.atassrl.it\/fr\/prodotto\/dimer-copia-copia\/","title":{"rendered":"ADDITIVO PER ADBLUE"},"content":{"rendered":"<div class=\"page\" title=\"Page 46\">\n<div class=\"layoutArea\">\n<div class=\"column\">\n<p style=\"font-weight: 400;\">Il optimise l&rsquo;atomisation de l&rsquo;injecteur et \u00e9vite la formation d&rsquo;incrustations. Il acc\u00e9l\u00e8re la conversion de l&rsquo;ur\u00e9e en ammoniac. Il permet une injection plus fine de la solution \u00e0 base d&rsquo;ur\u00e9e en r\u00e9duisant la tension en surface. Augmente l&rsquo;efficacit\u00e9 du catalyseur SCR (r\u00e9duction catalytique s\u00e9lective).<\/p>\n<\/div>\n<\/div>\n<\/div>\n","protected":false},"excerpt":{"rendered":"<div class=\"page\" title=\"Page 46\">\n<div class=\"layoutArea\">\n<div class=\"column\">\n<div><span lang=\"EN-GB\">LIQUIDE DE NETTOYAGE POUR SYST\u00c8ME D&rsquo;INJECTION<\/span><\/div>\n<\/div>\n<\/div>\n<\/div>\n","protected":false},"featured_media":8518,"template":"","meta":{"_acf_changed":false,"_seopress_robots_primary_cat":"","_seopress_titles_title":"","_seopress_titles_desc":"","_seopress_robots_index":"","_seopress_analysis_target_kw":""},"product_brand":[],"product_cat":[184],"product_tag":[],"class_list":{"0":"post-8505","1":"product","2":"type-product","3":"status-publish","4":"has-post-thumbnail","6":"product_cat-linea-atascar-fr","8":"first","9":"instock","10":"shipping-taxable","11":"product-type-variable"},"acf":[],"_links":{"self":[{"href":"https:\/\/www.atassrl.it\/fr\/wp-json\/wp\/v2\/product\/8505","targetHints":{"allow":["GET"]}}],"collection":[{"href":"https:\/\/www.atassrl.it\/fr\/wp-json\/wp\/v2\/product"}],"about":[{"href":"https:\/\/www.atassrl.it\/fr\/wp-json\/wp\/v2\/types\/product"}],"wp:featuredmedia":[{"embeddable":true,"href":"https:\/\/www.atassrl.it\/fr\/wp-json\/wp\/v2\/media\/8518"}],"wp:attachment":[{"href":"https:\/\/www.atassrl.it\/fr\/wp-json\/wp\/v2\/media?parent=8505"}],"wp:term":[{"taxonomy":"product_brand","embeddable":true,"href":"https:\/\/www.atassrl.it\/fr\/wp-json\/wp\/v2\/product_brand?post=8505"},{"taxonomy":"product_cat","embeddable":true,"href":"https:\/\/www.atassrl.it\/fr\/wp-json\/wp\/v2\/product_cat?post=8505"},{"taxonomy":"product_tag","embeddable":true,"href":"https:\/\/www.atassrl.it\/fr\/wp-json\/wp\/v2\/product_tag?post=8505"}],"curies":[{"name":"wp","href":"https:\/\/api.w.org\/{rel}","templated":true}]}}