{"id":8619,"date":"2022-06-22T17:45:02","date_gmt":"2022-06-22T15:45:02","guid":{"rendered":"https:\/\/www.atassrl.it\/?post_type=product&#038;p=8619"},"modified":"2022-07-15T10:59:27","modified_gmt":"2022-07-15T08:59:27","slug":"tecnoclim-rw-plus","status":"publish","type":"product","link":"https:\/\/www.atassrl.it\/fr\/prodotto\/tecnoclim-rw-plus\/","title":{"rendered":"TECNOCLIM RW PLUS"},"content":{"rendered":"<div class=\"page\" title=\"Page 27\">\n<div class=\"section\">\n<div class=\"layoutArea\">\n<div class=\"column\">\n<div>Produit de haute qualit\u00e9 \u00e0 base de mono\u00e9thyl\u00e8ne glycol avec l&rsquo;ajout d&rsquo;un ensemble sp\u00e9cial inhibiteur organe-carboxyl\u00e9. Il garantit une protection maximale contre la corrosion de tous les composants du circuit de refroidissement des v\u00e9hicules de derni\u00e8re g\u00e9n\u00e9ration caract\u00e9ris\u00e9s \u00e0 la fois par des temp\u00e9ratures de fonctionnement plus \u00e9lev\u00e9es et une plus grande pr\u00e9sence de composants en alliage l\u00e9ger (en particulier les alliages d&rsquo;aluminium et de magn\u00e9sium). Il garantit une dur\u00e9e de vie plus longue (jusqu&rsquo;\u00e0 250 000 km de kilom\u00e9trage ou 5 ans de permanence dans le circuit de refroidissement). R\u00e9duit la formation de d\u00e9p\u00f4ts de calcaire, am\u00e9liore l&rsquo;\u00e9change de chaleur. Peut \u00eatre utilis\u00e9 en toutes saisons. Il ne contient pas d&rsquo;amines, nitrites, nitrates, phosphates. Dilu\u00e9 \u00e0 50% en volume, il prot\u00e8ge jusqu&rsquo;\u00e0 -38\u00b0C. Satisfait ou d\u00e9passe les sp\u00e9cifications d&rsquo;approvisionnement de nombreux fabricants, y compris : Volkswagen, Audi, Seat, Skoda (TL 774 G), Mercedes (MB325.3), Ford ESE M97B49-A), Renault (41-01-001), Crysler (MS9176 ), Volvo (REG. N\u00b0 260), Opel (GM QL 130100).<\/div>\n<\/div>\n<\/div>\n<\/div>\n<\/div>\n","protected":false},"excerpt":{"rendered":"<div class=\"page\" title=\"Page 27\">\n<div class=\"section\">\n<div class=\"layoutArea\">\n<div class=\"column\">\n<p>LIQUIDE ANTIGEL POUR RADIATEURS G12+<\/p>\n<\/div>\n<\/div>\n<\/div>\n<\/div>\n","protected":false},"featured_media":0,"template":"","meta":{"_acf_changed":false,"_seopress_robots_primary_cat":"","_seopress_titles_title":"","_seopress_titles_desc":"","_seopress_robots_index":"","_seopress_analysis_target_kw":""},"product_brand":[],"product_cat":[184],"product_tag":[],"class_list":{"0":"post-8619","1":"product","2":"type-product","3":"status-publish","5":"product_cat-linea-atascar-fr","7":"first","8":"instock","9":"shipping-taxable","10":"product-type-simple"},"acf":[],"_links":{"self":[{"href":"https:\/\/www.atassrl.it\/fr\/wp-json\/wp\/v2\/product\/8619","targetHints":{"allow":["GET"]}}],"collection":[{"href":"https:\/\/www.atassrl.it\/fr\/wp-json\/wp\/v2\/product"}],"about":[{"href":"https:\/\/www.atassrl.it\/fr\/wp-json\/wp\/v2\/types\/product"}],"wp:attachment":[{"href":"https:\/\/www.atassrl.it\/fr\/wp-json\/wp\/v2\/media?parent=8619"}],"wp:term":[{"taxonomy":"product_brand","embeddable":true,"href":"https:\/\/www.atassrl.it\/fr\/wp-json\/wp\/v2\/product_brand?post=8619"},{"taxonomy":"product_cat","embeddable":true,"href":"https:\/\/www.atassrl.it\/fr\/wp-json\/wp\/v2\/product_cat?post=8619"},{"taxonomy":"product_tag","embeddable":true,"href":"https:\/\/www.atassrl.it\/fr\/wp-json\/wp\/v2\/product_tag?post=8619"}],"curies":[{"name":"wp","href":"https:\/\/api.w.org\/{rel}","templated":true}]}}