{"id":8698,"date":"2022-06-23T10:19:36","date_gmt":"2022-06-23T08:19:36","guid":{"rendered":"https:\/\/www.atassrl.it\/?post_type=product&#038;p=8698"},"modified":"2022-07-05T09:24:25","modified_gmt":"2022-07-05T07:24:25","slug":"isol-2","status":"publish","type":"product","link":"https:\/\/www.atassrl.it\/fr\/prodotto\/isol-2\/","title":{"rendered":"ISOL"},"content":{"rendered":"<div class=\"page\" title=\"Page 30\">\n<div class=\"layoutArea\">\n<div class=\"column\">\n<p style=\"font-weight: 400;\">Il prot\u00e8ge tout type de courroies de transmission contre l&rsquo;usure excessive, ainsi que les fissures et les glissements, augmentant ainsi leur durabilit\u00e9. Il est recommand\u00e9 de travailler sur des pi\u00e8ces en bon \u00e9tat.<\/p>\n<\/div>\n<\/div>\n<\/div>\n","protected":false},"excerpt":{"rendered":"<div class=\"page\" title=\"Page 30\">\n<div class=\"layoutArea\">\n<div class=\"column\">\n<div><span lang=\"DE\">ANTID\u00c9RAPANT POUR CEINTURES<\/span><\/div>\n<\/div>\n<\/div>\n<\/div>\n","protected":false},"featured_media":8701,"template":"","meta":{"_acf_changed":false,"_seopress_robots_primary_cat":"","_seopress_titles_title":"","_seopress_titles_desc":"","_seopress_robots_index":"","_seopress_analysis_target_kw":""},"product_brand":[],"product_cat":[184],"product_tag":[],"class_list":{"0":"post-8698","1":"product","2":"type-product","3":"status-publish","4":"has-post-thumbnail","6":"product_cat-linea-atascar-fr","8":"first","9":"instock","10":"shipping-taxable","11":"product-type-simple"},"acf":[],"_links":{"self":[{"href":"https:\/\/www.atassrl.it\/fr\/wp-json\/wp\/v2\/product\/8698","targetHints":{"allow":["GET"]}}],"collection":[{"href":"https:\/\/www.atassrl.it\/fr\/wp-json\/wp\/v2\/product"}],"about":[{"href":"https:\/\/www.atassrl.it\/fr\/wp-json\/wp\/v2\/types\/product"}],"wp:featuredmedia":[{"embeddable":true,"href":"https:\/\/www.atassrl.it\/fr\/wp-json\/wp\/v2\/media\/8701"}],"wp:attachment":[{"href":"https:\/\/www.atassrl.it\/fr\/wp-json\/wp\/v2\/media?parent=8698"}],"wp:term":[{"taxonomy":"product_brand","embeddable":true,"href":"https:\/\/www.atassrl.it\/fr\/wp-json\/wp\/v2\/product_brand?post=8698"},{"taxonomy":"product_cat","embeddable":true,"href":"https:\/\/www.atassrl.it\/fr\/wp-json\/wp\/v2\/product_cat?post=8698"},{"taxonomy":"product_tag","embeddable":true,"href":"https:\/\/www.atassrl.it\/fr\/wp-json\/wp\/v2\/product_tag?post=8698"}],"curies":[{"name":"wp","href":"https:\/\/api.w.org\/{rel}","templated":true}]}}