{"id":8805,"date":"2022-06-23T11:18:35","date_gmt":"2022-06-23T09:18:35","guid":{"rendered":"https:\/\/www.atassrl.it\/?post_type=product&#038;p=8805"},"modified":"2022-07-06T14:51:19","modified_gmt":"2022-07-06T12:51:19","slug":"airpres","status":"publish","type":"product","link":"https:\/\/www.atassrl.it\/fr\/prodotto\/airpres\/","title":{"rendered":"AIRPRES"},"content":{"rendered":"<div class=\"page\" title=\"Page 37\">\n<div class=\"section\">\n<div class=\"layoutArea\">\n<div class=\"column\">\n<p style=\"font-weight: 400;\">Produit qui g\u00e9n\u00e8re un jet d&rsquo;air \u00e0 haute pression, adapt\u00e9 au nettoyage, m\u00eame dans les endroits difficiles d&rsquo;acc\u00e8s, des ordinateurs, des machines \u00e9lectriques et \u00e9lectroniques, des claviers, des ordinateurs et des moteurs, le tout sans op\u00e9rations de d\u00e9montage. Il n&rsquo;est pas inflammable. \u00c9limine l&rsquo;oxydation, n&rsquo;endommage pas les mati\u00e8res plastiques, ne n\u00e9cessite pas de s\u00e9chage. Il ne modifie pas la conductivit\u00e9 \u00e9lectrique.<\/p>\n<\/div>\n<\/div>\n<\/div>\n<\/div>\n","protected":false},"excerpt":{"rendered":"<div class=\"page\" title=\"Page 37\">\n<div class=\"section\">\n<div class=\"layoutArea\">\n<div class=\"column\">\n<div><span lang=\"DE\">AIR COMPRIM\u00c9<\/span><\/div>\n<\/div>\n<\/div>\n<\/div>\n<\/div>\n","protected":false},"featured_media":8773,"template":"","meta":{"_acf_changed":false,"_seopress_robots_primary_cat":"","_seopress_titles_title":"","_seopress_titles_desc":"","_seopress_robots_index":"","_seopress_analysis_target_kw":""},"product_brand":[],"product_cat":[184],"product_tag":[],"class_list":{"0":"post-8805","1":"product","2":"type-product","3":"status-publish","4":"has-post-thumbnail","6":"product_cat-linea-atascar-fr","8":"first","9":"outofstock","10":"shipping-taxable","11":"product-type-simple"},"acf":[],"_links":{"self":[{"href":"https:\/\/www.atassrl.it\/fr\/wp-json\/wp\/v2\/product\/8805","targetHints":{"allow":["GET"]}}],"collection":[{"href":"https:\/\/www.atassrl.it\/fr\/wp-json\/wp\/v2\/product"}],"about":[{"href":"https:\/\/www.atassrl.it\/fr\/wp-json\/wp\/v2\/types\/product"}],"wp:featuredmedia":[{"embeddable":true,"href":"https:\/\/www.atassrl.it\/fr\/wp-json\/wp\/v2\/media\/8773"}],"wp:attachment":[{"href":"https:\/\/www.atassrl.it\/fr\/wp-json\/wp\/v2\/media?parent=8805"}],"wp:term":[{"taxonomy":"product_brand","embeddable":true,"href":"https:\/\/www.atassrl.it\/fr\/wp-json\/wp\/v2\/product_brand?post=8805"},{"taxonomy":"product_cat","embeddable":true,"href":"https:\/\/www.atassrl.it\/fr\/wp-json\/wp\/v2\/product_cat?post=8805"},{"taxonomy":"product_tag","embeddable":true,"href":"https:\/\/www.atassrl.it\/fr\/wp-json\/wp\/v2\/product_tag?post=8805"}],"curies":[{"name":"wp","href":"https:\/\/api.w.org\/{rel}","templated":true}]}}