{"id":8959,"date":"2022-06-23T16:13:43","date_gmt":"2022-06-23T14:13:43","guid":{"rendered":"https:\/\/www.atassrl.it\/?post_type=product&#038;p=8959"},"modified":"2022-07-15T11:03:58","modified_gmt":"2022-07-15T09:03:58","slug":"nil-fe","status":"publish","type":"product","link":"https:\/\/www.atassrl.it\/fr\/prodotto\/nil-fe\/","title":{"rendered":"NIL FE"},"content":{"rendered":"<div class=\"page\" title=\"Page 44\">\n<div class=\"layoutArea\">\n<div class=\"column\">\n<p>Agr\u00e9ablement parfum\u00e9, il \u00e9limine facilement les salissures en laissant la peau douce. Il est formul\u00e9 avec du Ph \u00e9pidermique. Il convient aux \u00e9coles, restaurants, h\u00f4tels, bars, \u00e0 ins\u00e9rer dans le distributeur sp\u00e9cial. (formule d\u00e9pos\u00e9e aupr\u00e8s du Minist\u00e8re de la Sant\u00e9 Publique).<\/p>\n<\/div>\n<\/div>\n<\/div>\n","protected":false},"excerpt":{"rendered":"<div class=\"page\" title=\"Page 44\">\n<div class=\"layoutArea\">\n<div class=\"column\">\n<p>LAVE-MAINS LIQUIDE<\/p>\n<\/div>\n<\/div>\n<\/div>\n","protected":false},"featured_media":8937,"template":"","meta":{"_acf_changed":false,"_seopress_robots_primary_cat":"","_seopress_titles_title":"","_seopress_titles_desc":"","_seopress_robots_index":"","_seopress_analysis_target_kw":""},"product_brand":[],"product_cat":[203,184],"product_tag":[],"class_list":{"0":"post-8959","1":"product","2":"type-product","3":"status-publish","4":"has-post-thumbnail","6":"product_cat-lave-mains","7":"product_cat-linea-atascar-fr","9":"first","10":"instock","11":"shipping-taxable","12":"product-type-simple"},"acf":[],"_links":{"self":[{"href":"https:\/\/www.atassrl.it\/fr\/wp-json\/wp\/v2\/product\/8959","targetHints":{"allow":["GET"]}}],"collection":[{"href":"https:\/\/www.atassrl.it\/fr\/wp-json\/wp\/v2\/product"}],"about":[{"href":"https:\/\/www.atassrl.it\/fr\/wp-json\/wp\/v2\/types\/product"}],"wp:featuredmedia":[{"embeddable":true,"href":"https:\/\/www.atassrl.it\/fr\/wp-json\/wp\/v2\/media\/8937"}],"wp:attachment":[{"href":"https:\/\/www.atassrl.it\/fr\/wp-json\/wp\/v2\/media?parent=8959"}],"wp:term":[{"taxonomy":"product_brand","embeddable":true,"href":"https:\/\/www.atassrl.it\/fr\/wp-json\/wp\/v2\/product_brand?post=8959"},{"taxonomy":"product_cat","embeddable":true,"href":"https:\/\/www.atassrl.it\/fr\/wp-json\/wp\/v2\/product_cat?post=8959"},{"taxonomy":"product_tag","embeddable":true,"href":"https:\/\/www.atassrl.it\/fr\/wp-json\/wp\/v2\/product_tag?post=8959"}],"curies":[{"name":"wp","href":"https:\/\/api.w.org\/{rel}","templated":true}]}}