{"id":9013,"date":"2020-05-14T15:30:05","date_gmt":"2020-05-14T13:30:05","guid":{"rendered":"https:\/\/www.atassrl.it\/prodotto\/ig-20\/"},"modified":"2020-05-14T15:30:05","modified_gmt":"2020-05-14T13:30:05","slug":"ig-20","status":"publish","type":"product","link":"https:\/\/www.atassrl.it\/fr\/prodotto\/ig-20\/","title":{"rendered":"IG 20"},"content":{"rendered":"<p style=\"font-weight: 400;\">Solution hydroalcoolique \u00e0 75% d&rsquo;alcool \u00e9thylique. Sa formule enrichie en ammonium quaternaire est sp\u00e9cifiquement d\u00e9velopp\u00e9e pour assainir l&rsquo;int\u00e9rieur de tout v\u00e9hicule. Aussi efficace pour \u00e9liminer les odeurs d\u00e9sagr\u00e9ables.<\/p>\n","protected":false},"excerpt":{"rendered":"<div><span lang=\"EN-GB\">HYGI\u00c9NISATEUR POUR L&rsquo;INT\u00c9RIEUR DES VOITURES<\/span><\/div>\n","protected":false},"featured_media":8833,"template":"","meta":{"_acf_changed":false,"_seopress_robots_primary_cat":"","_seopress_titles_title":"","_seopress_titles_desc":"","_seopress_robots_index":"","_seopress_analysis_target_kw":""},"product_brand":[],"product_cat":[392,184],"product_tag":[],"class_list":{"0":"post-9013","1":"product","2":"type-product","3":"status-publish","4":"has-post-thumbnail","6":"product_cat-agent-assainissant","7":"product_cat-linea-atascar-fr","9":"first","10":"instock","11":"shipping-taxable","12":"product-type-simple"},"acf":[],"_links":{"self":[{"href":"https:\/\/www.atassrl.it\/fr\/wp-json\/wp\/v2\/product\/9013","targetHints":{"allow":["GET"]}}],"collection":[{"href":"https:\/\/www.atassrl.it\/fr\/wp-json\/wp\/v2\/product"}],"about":[{"href":"https:\/\/www.atassrl.it\/fr\/wp-json\/wp\/v2\/types\/product"}],"wp:featuredmedia":[{"embeddable":true,"href":"https:\/\/www.atassrl.it\/fr\/wp-json\/wp\/v2\/media\/8833"}],"wp:attachment":[{"href":"https:\/\/www.atassrl.it\/fr\/wp-json\/wp\/v2\/media?parent=9013"}],"wp:term":[{"taxonomy":"product_brand","embeddable":true,"href":"https:\/\/www.atassrl.it\/fr\/wp-json\/wp\/v2\/product_brand?post=9013"},{"taxonomy":"product_cat","embeddable":true,"href":"https:\/\/www.atassrl.it\/fr\/wp-json\/wp\/v2\/product_cat?post=9013"},{"taxonomy":"product_tag","embeddable":true,"href":"https:\/\/www.atassrl.it\/fr\/wp-json\/wp\/v2\/product_tag?post=9013"}],"curies":[{"name":"wp","href":"https:\/\/api.w.org\/{rel}","templated":true}]}}