{"id":9019,"date":"2022-06-23T14:38:15","date_gmt":"2022-06-23T12:38:15","guid":{"rendered":"https:\/\/www.atassrl.it\/prodotto\/genicod\/"},"modified":"2022-06-23T14:38:15","modified_gmt":"2022-06-23T12:38:15","slug":"genicod","status":"publish","type":"product","link":"https:\/\/www.atassrl.it\/fr\/prodotto\/genicod\/","title":{"rendered":"GENICOD"},"content":{"rendered":"<p style=\"font-weight: 400;\">Hygi\u00e9nisant \u00e0 base d&rsquo;alcool \u00e9thylique \u00e0 80%, donc adapt\u00e9 pour contenir le COVID-19. Id\u00e9al pour le traitement des poign\u00e9es de portes et de fen\u00eatres, des int\u00e9rieurs de voitures et des accessoires de travail, il convient au traitement des locaux domestiques ou des bureaux, ainsi que des grands environnements tels que les industries m\u00e9caniques et alimentaires.<\/p>\n","protected":false},"excerpt":{"rendered":"<p style=\"font-weight: 400;\">HYGI\u00c9NISATEUR POUR LES ENVIRONNEMENTS, LA MAISON ET LE LIEU DE TRAVAIL<\/p>\n","protected":false},"featured_media":9615,"template":"","meta":{"_acf_changed":false,"_seopress_robots_primary_cat":"","_seopress_titles_title":"","_seopress_titles_desc":"","_seopress_robots_index":"","_seopress_analysis_target_kw":""},"product_brand":[],"product_cat":[392,184],"product_tag":[882,890],"class_list":{"0":"post-9019","1":"product","2":"type-product","3":"status-publish","4":"has-post-thumbnail","6":"product_cat-agent-assainissant","7":"product_cat-linea-atascar-fr","8":"product_tag-covid-19-fr","9":"product_tag-hygienisant-fr","11":"first","12":"instock","13":"shipping-taxable","14":"product-type-variable"},"acf":[],"_links":{"self":[{"href":"https:\/\/www.atassrl.it\/fr\/wp-json\/wp\/v2\/product\/9019","targetHints":{"allow":["GET"]}}],"collection":[{"href":"https:\/\/www.atassrl.it\/fr\/wp-json\/wp\/v2\/product"}],"about":[{"href":"https:\/\/www.atassrl.it\/fr\/wp-json\/wp\/v2\/types\/product"}],"wp:featuredmedia":[{"embeddable":true,"href":"https:\/\/www.atassrl.it\/fr\/wp-json\/wp\/v2\/media\/9615"}],"wp:attachment":[{"href":"https:\/\/www.atassrl.it\/fr\/wp-json\/wp\/v2\/media?parent=9019"}],"wp:term":[{"taxonomy":"product_brand","embeddable":true,"href":"https:\/\/www.atassrl.it\/fr\/wp-json\/wp\/v2\/product_brand?post=9019"},{"taxonomy":"product_cat","embeddable":true,"href":"https:\/\/www.atassrl.it\/fr\/wp-json\/wp\/v2\/product_cat?post=9019"},{"taxonomy":"product_tag","embeddable":true,"href":"https:\/\/www.atassrl.it\/fr\/wp-json\/wp\/v2\/product_tag?post=9019"}],"curies":[{"name":"wp","href":"https:\/\/api.w.org\/{rel}","templated":true}]}}