{"id":9081,"date":"2022-07-20T16:11:02","date_gmt":"2022-07-20T14:11:02","guid":{"rendered":"https:\/\/www.atassrl.it\/?post_type=product&#038;p=9081"},"modified":"2022-07-27T18:13:53","modified_gmt":"2022-07-27T16:13:53","slug":"ecoval-21","status":"publish","type":"product","link":"https:\/\/www.atassrl.it\/fr\/prodotto\/ecoval-21\/","title":{"rendered":"ECOVAL 21"},"content":{"rendered":"<div class=\"page\" title=\"Page 9\">\n<div class=\"layoutArea\">\n<div class=\"column\">\n<p style=\"font-weight: 400;\">D\u00e9tergent alcalin monocomposant concentr\u00e9 tr\u00e8s performant, adapt\u00e9 au lavage des v\u00e9hicules. Rapide et efficace sur tout type de salet\u00e9, il ne laisse aucun r\u00e9sidu et n&rsquo;alt\u00e8re pas les surfaces trait\u00e9es. Il peut \u00e9galement \u00eatre utilis\u00e9 pour des op\u00e9rations de d\u00e9graissage d&rsquo;\u00e9quipements m\u00e9caniques. Excellent rapport qualit\u00e9\/prix.<\/p>\n<\/div>\n<\/div>\n<\/div>\n","protected":false},"excerpt":{"rendered":"<div class=\"page\" title=\"Page 9\">\n<div class=\"layoutArea\">\n<div class=\"column\">\n<div><span lang=\"DE\">D\u00c9TERGENT DE PR\u00c9-LAVAGE<\/span><\/div>\n<\/div>\n<\/div>\n<\/div>\n","protected":false},"featured_media":9430,"template":"","meta":{"_acf_changed":false,"_seopress_robots_primary_cat":"","_seopress_titles_title":"","_seopress_titles_desc":"","_seopress_robots_index":"","_seopress_analysis_target_kw":""},"product_brand":[],"product_cat":[354],"product_tag":[],"class_list":{"0":"post-9081","1":"product","2":"type-product","3":"status-publish","4":"has-post-thumbnail","6":"product_cat-prelavages-de-puissance-moyenne","8":"first","9":"instock","10":"shipping-taxable","11":"product-type-variable"},"acf":[],"_links":{"self":[{"href":"https:\/\/www.atassrl.it\/fr\/wp-json\/wp\/v2\/product\/9081","targetHints":{"allow":["GET"]}}],"collection":[{"href":"https:\/\/www.atassrl.it\/fr\/wp-json\/wp\/v2\/product"}],"about":[{"href":"https:\/\/www.atassrl.it\/fr\/wp-json\/wp\/v2\/types\/product"}],"wp:featuredmedia":[{"embeddable":true,"href":"https:\/\/www.atassrl.it\/fr\/wp-json\/wp\/v2\/media\/9430"}],"wp:attachment":[{"href":"https:\/\/www.atassrl.it\/fr\/wp-json\/wp\/v2\/media?parent=9081"}],"wp:term":[{"taxonomy":"product_brand","embeddable":true,"href":"https:\/\/www.atassrl.it\/fr\/wp-json\/wp\/v2\/product_brand?post=9081"},{"taxonomy":"product_cat","embeddable":true,"href":"https:\/\/www.atassrl.it\/fr\/wp-json\/wp\/v2\/product_cat?post=9081"},{"taxonomy":"product_tag","embeddable":true,"href":"https:\/\/www.atassrl.it\/fr\/wp-json\/wp\/v2\/product_tag?post=9081"}],"curies":[{"name":"wp","href":"https:\/\/api.w.org\/{rel}","templated":true}]}}