{"id":9152,"date":"2022-07-21T10:44:27","date_gmt":"2022-07-21T08:44:27","guid":{"rendered":"https:\/\/www.atassrl.it\/?post_type=product&#038;p=9152"},"modified":"2022-10-13T10:40:48","modified_gmt":"2022-10-13T08:40:48","slug":"mirac","status":"publish","type":"product","link":"https:\/\/www.atassrl.it\/fr\/prodotto\/mirac\/","title":{"rendered":"MIRAC"},"content":{"rendered":"<div class=\"page\" title=\"Page 27\">\n<div class=\"section\">\n<div class=\"layoutArea\">\n<div class=\"column\">\n<div><span lang=\"DE\">D\u00e9tergent concentr\u00e9 sp\u00e9cifique pour les syst\u00e8mes de lavage automatiques \u00e9quip\u00e9s d&rsquo;arc moussant et \u00ab\u00a0cascade\u00a0\u00bb. Il produit une mousse abondante et agr\u00e9ablement parfum\u00e9e avec un pouvoir nettoyant \u00e9lev\u00e9 et des caract\u00e9ristiques de polissage particuli\u00e8res. Gr\u00e2ce \u00e0 sa formulation particuli\u00e8re \u00e0 pH acide, c&rsquo;est un excellent adjuvant \u00e0 l&rsquo;action de s\u00e9chage de la cire, car il neutralise l&rsquo;alcalinit\u00e9 r\u00e9siduelle du pr\u00e9lavage, pr\u00e9parant au mieux la surface de la voiture pour la phase de cirage. <\/span><\/div>\n<div><span lang=\"ES\">\u00c9galement indiqu\u00e9 comme shampooing pour les pinceaux en nylon et en carlite.<\/span><\/div>\n<\/div>\n<\/div>\n<\/div>\n<\/div>\n","protected":false},"excerpt":{"rendered":"<div class=\"page\" title=\"Page 27\">\n<div class=\"section\">\n<div class=\"layoutArea\">\n<div class=\"column\">\n<p><span data-sheets-value=\"{&quot;1&quot;:2,&quot;2&quot;:&quot;MOUSSE DE POLISSAGE ACTIVE - AIDE AU S\u00c9CHAGE&quot;}\" data-sheets-userformat=\"{&quot;2&quot;:2819,&quot;3&quot;:{&quot;1&quot;:0},&quot;4&quot;:{&quot;1&quot;:2,&quot;2&quot;:16777215},&quot;11&quot;:4,&quot;12&quot;:0,&quot;14&quot;:{&quot;1&quot;:2,&quot;2&quot;:0}}\">MOUSSE DE POLISSAGE ACTIVE &#8211; AIDE AU S\u00c9CHAGE<\/span><\/p>\n<\/div>\n<\/div>\n<\/div>\n<\/div>\n","protected":false},"featured_media":9480,"template":"","meta":{"_acf_changed":false,"_seopress_robots_primary_cat":"","_seopress_titles_title":"","_seopress_titles_desc":"","_seopress_robots_index":"","_seopress_analysis_target_kw":""},"product_brand":[],"product_cat":[272,395],"product_tag":[],"class_list":{"0":"post-9152","1":"product","2":"type-product","3":"status-publish","4":"has-post-thumbnail","6":"product_cat-linea-atasdet-fr","7":"product_cat-pre-cires-et-cires","9":"first","10":"instock","11":"shipping-taxable","12":"product-type-variable"},"acf":[],"_links":{"self":[{"href":"https:\/\/www.atassrl.it\/fr\/wp-json\/wp\/v2\/product\/9152","targetHints":{"allow":["GET"]}}],"collection":[{"href":"https:\/\/www.atassrl.it\/fr\/wp-json\/wp\/v2\/product"}],"about":[{"href":"https:\/\/www.atassrl.it\/fr\/wp-json\/wp\/v2\/types\/product"}],"wp:featuredmedia":[{"embeddable":true,"href":"https:\/\/www.atassrl.it\/fr\/wp-json\/wp\/v2\/media\/9480"}],"wp:attachment":[{"href":"https:\/\/www.atassrl.it\/fr\/wp-json\/wp\/v2\/media?parent=9152"}],"wp:term":[{"taxonomy":"product_brand","embeddable":true,"href":"https:\/\/www.atassrl.it\/fr\/wp-json\/wp\/v2\/product_brand?post=9152"},{"taxonomy":"product_cat","embeddable":true,"href":"https:\/\/www.atassrl.it\/fr\/wp-json\/wp\/v2\/product_cat?post=9152"},{"taxonomy":"product_tag","embeddable":true,"href":"https:\/\/www.atassrl.it\/fr\/wp-json\/wp\/v2\/product_tag?post=9152"}],"curies":[{"name":"wp","href":"https:\/\/api.w.org\/{rel}","templated":true}]}}