{"id":9319,"date":"2022-07-21T16:40:46","date_gmt":"2022-07-21T14:40:46","guid":{"rendered":"https:\/\/www.atassrl.it\/?post_type=product&#038;p=9319"},"modified":"2022-10-10T11:13:50","modified_gmt":"2022-10-10T09:13:50","slug":"tecnoclim-rw-g13-2","status":"publish","type":"product","link":"https:\/\/www.atassrl.it\/fr\/prodotto\/tecnoclim-rw-g13-2\/","title":{"rendered":"TECNOCLIM RW G13"},"content":{"rendered":"<div class=\"page\" title=\"Page 60\">\n<div class=\"section\">\n<div class=\"layoutArea\">\n<div class=\"column\">\n<p style=\"font-weight: 400;\">\u00c0 base de mono\u00e9thyl\u00e8ne glycol de haute qualit\u00e9 avec additif avec un ensemble d&rsquo;inhibiteurs avec la technologie 100% d&rsquo;acide organique silanis\u00e9, il garantit une protection maximale contre la corrosion dans les circuits de refroidissement des v\u00e9hicules de derni\u00e8re g\u00e9n\u00e9ration caract\u00e9ris\u00e9s par des temp\u00e9ratures de fonctionnement \u00e9lev\u00e9es et la plus grande pr\u00e9sence de composants en alliages d&rsquo;aluminium et surtout le magn\u00e9sium. Il assure un haut niveau de protection antigel, anti-\u00e9vaporation, anti-corrosion et anti-calcaire pour l&rsquo;ensemble du circuit de refroidissement, prolongeant la dur\u00e9e de vie des pompes, thermostats, conduits, joints, tuyaux et radiateurs. Il garantit d&rsquo;excellentes performances jusqu&rsquo;\u00e0 250 000 km ou 5 ans de permanence dans le circuit de refroidissement. Un autre fait important est le respect de l&rsquo;environnement, en effet, contenant environ 20% de glyc\u00e9rine, il r\u00e9duit les \u00e9missions de CO2. Il peut \u00eatre utilis\u00e9 en toutes saisons. Il ne contient pas d&rsquo;amines, de nitrites, de nitrates, de phosphates (NAP free). Dilu\u00e9 \u00e0 50% en volume, il prot\u00e8ge jusqu&rsquo;\u00e0 -38\u00b0C. Satisfait ou d\u00e9passe les sp\u00e9cifications d&rsquo;approvisionnement TL 774 J de nombreux constructeurs automobiles.<\/p>\n<\/div>\n<\/div>\n<\/div>\n<\/div>\n","protected":false},"excerpt":{"rendered":"<div class=\"page\" title=\"Page 60\">\n<div class=\"section\">\n<div class=\"layoutArea\">\n<div class=\"column\">\n<div><span lang=\"DE\">LIQUIDE ANTIGEL POUR RADIATEURS<\/span><\/div>\n<\/div>\n<\/div>\n<\/div>\n<\/div>\n","protected":false},"featured_media":9564,"template":"","meta":{"_acf_changed":false,"_seopress_robots_primary_cat":"","_seopress_titles_title":"","_seopress_titles_desc":"","_seopress_robots_index":"","_seopress_analysis_target_kw":""},"product_brand":[],"product_cat":[342,272],"product_tag":[],"class_list":{"0":"post-9319","1":"product","2":"type-product","3":"status-publish","4":"has-post-thumbnail","6":"product_cat-garages","7":"product_cat-linea-atasdet-fr","9":"first","10":"instock","11":"shipping-taxable","12":"product-type-variable"},"acf":[],"_links":{"self":[{"href":"https:\/\/www.atassrl.it\/fr\/wp-json\/wp\/v2\/product\/9319","targetHints":{"allow":["GET"]}}],"collection":[{"href":"https:\/\/www.atassrl.it\/fr\/wp-json\/wp\/v2\/product"}],"about":[{"href":"https:\/\/www.atassrl.it\/fr\/wp-json\/wp\/v2\/types\/product"}],"wp:featuredmedia":[{"embeddable":true,"href":"https:\/\/www.atassrl.it\/fr\/wp-json\/wp\/v2\/media\/9564"}],"wp:attachment":[{"href":"https:\/\/www.atassrl.it\/fr\/wp-json\/wp\/v2\/media?parent=9319"}],"wp:term":[{"taxonomy":"product_brand","embeddable":true,"href":"https:\/\/www.atassrl.it\/fr\/wp-json\/wp\/v2\/product_brand?post=9319"},{"taxonomy":"product_cat","embeddable":true,"href":"https:\/\/www.atassrl.it\/fr\/wp-json\/wp\/v2\/product_cat?post=9319"},{"taxonomy":"product_tag","embeddable":true,"href":"https:\/\/www.atassrl.it\/fr\/wp-json\/wp\/v2\/product_tag?post=9319"}],"curies":[{"name":"wp","href":"https:\/\/api.w.org\/{rel}","templated":true}]}}