{"id":9347,"date":"2022-07-21T16:45:37","date_gmt":"2022-07-21T14:45:37","guid":{"rendered":"https:\/\/www.atassrl.it\/?post_type=product&#038;p=9347"},"modified":"2022-10-10T11:56:35","modified_gmt":"2022-10-10T09:56:35","slug":"tecnoclim-hybrid","status":"publish","type":"product","link":"https:\/\/www.atassrl.it\/fr\/prodotto\/tecnoclim-hybrid\/","title":{"rendered":"TECNOCLIM HYBRID"},"content":{"rendered":"<div class=\"page\" title=\"Page 60\">\n<div class=\"section\">\n<div class=\"layoutArea\">\n<div class=\"column\">\n<p style=\"font-weight: 400;\">Antigel \u00e0 base d&rsquo;\u00e9thyl\u00e8ne glycol avec inhibiteurs de corrosion OAT (Organic Acid Technology) \u00e0 faible teneur en phosphate. Caract\u00e9ris\u00e9 par une dur\u00e9e de vie extr\u00eamement longue, il ne contient pas de borates, nitrites, nitrates, amines et silicates.<\/p>\n<p style=\"font-weight: 400;\">La formulation est parfaitement \u00e9quilibr\u00e9e pour assurer une protection durable contre tous les m\u00e9taux du syst\u00e8me de refroidissement, en particulier les alliages d&rsquo;aluminium et les m\u00e9taux l\u00e9gers pr\u00e9sents dans les moteurs de derni\u00e8re g\u00e9n\u00e9ration, y compris les moteurs hybrides et \u00e9lectriques.<\/p>\n<p style=\"font-weight: 400;\">Il garantit la bonne temp\u00e9rature de fonctionnement du moteur \u00e9lectrique, du g\u00e9n\u00e9rateur, des batteries, de l&rsquo;onduleur et de la bo\u00eete de vitesses E-CVT. Il ne provoque pas d&rsquo;incrustations et ne mousse pas.<\/p>\n<p style=\"font-weight: 400;\">Dilu\u00e9 \u00e0 50% en volume avec de l&rsquo;eau d\u00e9min\u00e9ralis\u00e9e, il prot\u00e8ge jusqu&rsquo;\u00e0 -39\u00b0C.<\/p>\n<p style=\"font-weight: 400;\">Conforme aux sp\u00e9cifications suivantes : Toyota TSK 2601G-8 &#8211; Mazda MES 121 C-FL22<\/p>\n<\/div>\n<\/div>\n<\/div>\n<\/div>\n","protected":false},"excerpt":{"rendered":"<div class=\"page\" title=\"Page 60\">\n<div class=\"section\">\n<div class=\"layoutArea\">\n<div class=\"column\">\n<div><span lang=\"EN-GB\">LIQUIDE ANTIGEL POUR MOTEURS HYBRIDES ET \u00c9LECTRIQUES<\/span><\/div>\n<\/div>\n<\/div>\n<\/div>\n<\/div>\n","protected":false},"featured_media":9574,"template":"","meta":{"_acf_changed":false,"_seopress_robots_primary_cat":"","_seopress_titles_title":"","_seopress_titles_desc":"","_seopress_robots_index":"","_seopress_analysis_target_kw":""},"product_brand":[],"product_cat":[342,272],"product_tag":[],"class_list":{"0":"post-9347","1":"product","2":"type-product","3":"status-publish","4":"has-post-thumbnail","6":"product_cat-garages","7":"product_cat-linea-atasdet-fr","9":"first","10":"instock","11":"shipping-taxable","12":"product-type-variable"},"acf":[],"_links":{"self":[{"href":"https:\/\/www.atassrl.it\/fr\/wp-json\/wp\/v2\/product\/9347","targetHints":{"allow":["GET"]}}],"collection":[{"href":"https:\/\/www.atassrl.it\/fr\/wp-json\/wp\/v2\/product"}],"about":[{"href":"https:\/\/www.atassrl.it\/fr\/wp-json\/wp\/v2\/types\/product"}],"wp:featuredmedia":[{"embeddable":true,"href":"https:\/\/www.atassrl.it\/fr\/wp-json\/wp\/v2\/media\/9574"}],"wp:attachment":[{"href":"https:\/\/www.atassrl.it\/fr\/wp-json\/wp\/v2\/media?parent=9347"}],"wp:term":[{"taxonomy":"product_brand","embeddable":true,"href":"https:\/\/www.atassrl.it\/fr\/wp-json\/wp\/v2\/product_brand?post=9347"},{"taxonomy":"product_cat","embeddable":true,"href":"https:\/\/www.atassrl.it\/fr\/wp-json\/wp\/v2\/product_cat?post=9347"},{"taxonomy":"product_tag","embeddable":true,"href":"https:\/\/www.atassrl.it\/fr\/wp-json\/wp\/v2\/product_tag?post=9347"}],"curies":[{"name":"wp","href":"https:\/\/api.w.org\/{rel}","templated":true}]}}