{"id":9406,"date":"2022-07-21T18:55:58","date_gmt":"2022-07-21T16:55:58","guid":{"rendered":"https:\/\/www.atassrl.it\/?post_type=product&#038;p=9406"},"modified":"2022-10-10T16:32:38","modified_gmt":"2022-10-10T14:32:38","slug":"dalmec-2","status":"publish","type":"product","link":"https:\/\/www.atassrl.it\/fr\/prodotto\/dalmec-2\/","title":{"rendered":"DALMEC"},"content":{"rendered":"<div class=\"page\" title=\"Page 61\">\n<div class=\"section\">\n<div class=\"layoutArea\">\n<div class=\"column\">\n<p style=\"font-weight: 400;\">D\u00e9tergent professionnel con\u00e7u pour d\u00e9graisser et nettoyer les moteurs mont\u00e9s sur les v\u00e9hicules et les pi\u00e8ces m\u00e9caniques en g\u00e9n\u00e9ral. A base d&rsquo;eau, gr\u00e2ce \u00e0 une puissante mousse alcaline, il \u00e9limine efficacement les boues et les r\u00e9sidus gras sans laisser de r\u00e9sidus. Agr\u00e9ablement parfum\u00e9, il ne contient pas de solvants p\u00e9troliers et se rince facilement.<\/p>\n<\/div>\n<\/div>\n<\/div>\n<\/div>\n","protected":false},"excerpt":{"rendered":"<div class=\"page\" title=\"Page 61\">\n<div class=\"section\">\n<div class=\"layoutArea\">\n<div class=\"column\">\n<div><span lang=\"DE\">D\u00c9GRAISSANT \u00c0 BASE D&rsquo;EAU POUR PI\u00c8CES M\u00c9CANIQUES ET NETTOYANT MOTEUR<\/span><\/div>\n<\/div>\n<\/div>\n<\/div>\n<\/div>\n","protected":false},"featured_media":9590,"template":"","meta":{"_acf_changed":false,"_seopress_robots_primary_cat":"","_seopress_titles_title":"","_seopress_titles_desc":"","_seopress_robots_index":"","_seopress_analysis_target_kw":""},"product_brand":[],"product_cat":[342,338,272],"product_tag":[],"class_list":{"0":"post-9406","1":"product","2":"type-product","3":"status-publish","4":"has-post-thumbnail","6":"product_cat-garages","7":"product_cat-lave-moteurs","8":"product_cat-linea-atasdet-fr","10":"first","11":"instock","12":"shipping-taxable","13":"product-type-variable"},"acf":[],"_links":{"self":[{"href":"https:\/\/www.atassrl.it\/fr\/wp-json\/wp\/v2\/product\/9406","targetHints":{"allow":["GET"]}}],"collection":[{"href":"https:\/\/www.atassrl.it\/fr\/wp-json\/wp\/v2\/product"}],"about":[{"href":"https:\/\/www.atassrl.it\/fr\/wp-json\/wp\/v2\/types\/product"}],"wp:featuredmedia":[{"embeddable":true,"href":"https:\/\/www.atassrl.it\/fr\/wp-json\/wp\/v2\/media\/9590"}],"wp:attachment":[{"href":"https:\/\/www.atassrl.it\/fr\/wp-json\/wp\/v2\/media?parent=9406"}],"wp:term":[{"taxonomy":"product_brand","embeddable":true,"href":"https:\/\/www.atassrl.it\/fr\/wp-json\/wp\/v2\/product_brand?post=9406"},{"taxonomy":"product_cat","embeddable":true,"href":"https:\/\/www.atassrl.it\/fr\/wp-json\/wp\/v2\/product_cat?post=9406"},{"taxonomy":"product_tag","embeddable":true,"href":"https:\/\/www.atassrl.it\/fr\/wp-json\/wp\/v2\/product_tag?post=9406"}],"curies":[{"name":"wp","href":"https:\/\/api.w.org\/{rel}","templated":true}]}}