{"id":9530,"date":"2022-07-21T16:08:07","date_gmt":"2022-07-21T14:08:07","guid":{"rendered":"https:\/\/www.atassrl.it\/prodotto\/genicod-2\/"},"modified":"2022-07-21T16:08:07","modified_gmt":"2022-07-21T14:08:07","slug":"genicod-2","status":"publish","type":"product","link":"https:\/\/www.atassrl.it\/fr\/prodotto\/genicod-2\/","title":{"rendered":"GENICOD"},"content":{"rendered":"<p style=\"font-weight: 400;\">Produit \u00e0 large spectre d&rsquo;utilisation pour les op\u00e9rations de nettoyage et d&rsquo;assainissement. Avec une forte teneur en alcool, il convient au traitement de tous les int\u00e9rieurs de voitures, bus, v\u00e9hicules d&rsquo;urgence, mais aussi pour les environnements, tables de travail, portes, portails, fen\u00eatres, interrupteurs, panneaux \u00e0 boutons-poussoirs, int\u00e9rieurs d&rsquo;ascenseurs et \u00e9quipements de bureau.<\/p>\n","protected":false},"excerpt":{"rendered":"<div><span lang=\"DE\">D\u00c9TERGENT ASSAINISSANT ALCOOLIS\u00c9<\/span><\/div>\n","protected":false},"featured_media":9546,"template":"","meta":{"_acf_changed":false,"_seopress_robots_primary_cat":"","_seopress_titles_title":"","_seopress_titles_desc":"","_seopress_robots_index":"","_seopress_analysis_target_kw":""},"product_brand":[],"product_cat":[250],"product_tag":[882,886],"class_list":{"0":"post-9530","1":"product","2":"type-product","3":"status-publish","4":"has-post-thumbnail","6":"product_cat-assainissants","7":"product_tag-covid-19-fr","8":"product_tag-hygienisant","10":"first","11":"instock","12":"shipping-taxable","13":"product-type-variable"},"acf":[],"_links":{"self":[{"href":"https:\/\/www.atassrl.it\/fr\/wp-json\/wp\/v2\/product\/9530","targetHints":{"allow":["GET"]}}],"collection":[{"href":"https:\/\/www.atassrl.it\/fr\/wp-json\/wp\/v2\/product"}],"about":[{"href":"https:\/\/www.atassrl.it\/fr\/wp-json\/wp\/v2\/types\/product"}],"wp:featuredmedia":[{"embeddable":true,"href":"https:\/\/www.atassrl.it\/fr\/wp-json\/wp\/v2\/media\/9546"}],"wp:attachment":[{"href":"https:\/\/www.atassrl.it\/fr\/wp-json\/wp\/v2\/media?parent=9530"}],"wp:term":[{"taxonomy":"product_brand","embeddable":true,"href":"https:\/\/www.atassrl.it\/fr\/wp-json\/wp\/v2\/product_brand?post=9530"},{"taxonomy":"product_cat","embeddable":true,"href":"https:\/\/www.atassrl.it\/fr\/wp-json\/wp\/v2\/product_cat?post=9530"},{"taxonomy":"product_tag","embeddable":true,"href":"https:\/\/www.atassrl.it\/fr\/wp-json\/wp\/v2\/product_tag?post=9530"}],"curies":[{"name":"wp","href":"https:\/\/api.w.org\/{rel}","templated":true}]}}