{"id":9554,"date":"2022-07-21T16:15:58","date_gmt":"2022-07-21T14:15:58","guid":{"rendered":"https:\/\/www.atassrl.it\/prodotto\/lambat\/"},"modified":"2022-07-21T16:15:58","modified_gmt":"2022-07-21T14:15:58","slug":"lambat","status":"publish","type":"product","link":"https:\/\/www.atassrl.it\/fr\/prodotto\/lambat\/","title":{"rendered":"LAMBAT"},"content":{"rendered":"<p style=\"font-weight: 400;\">Produit alcalin moyennement moussant \u00e0 haute concentration qui combine une excellente action d\u00e9graissante avec une action bact\u00e9ricide (sur les organismes gram positifs et gram n\u00e9gatifs) et levuricide efficace. Il ne contient pas de parfum et, gr\u00e2ce au s\u00e9questrant qu&rsquo;il contient, il conserve son efficacit\u00e9 m\u00eame en pr\u00e9sence d&rsquo;eaux dures riches en sels alcalino-terreux. Il peut \u00eatre utilis\u00e9 pour le traitement des sols, carrelages, robinets, \u00e9quipements, salles de bains dans les bars, restaurants, gymnases, h\u00f4tels, cantines, etc. Convient \u00e9galement au secteur alimentaire.<\/p>\n","protected":false},"excerpt":{"rendered":"<div><span lang=\"DE\">D\u00c9SINFECTANT \u00c0 ACTION BACT\u00c9RICIDE ET LEVURICIIDE<\/span><\/div>\n","protected":false},"featured_media":9551,"template":"","meta":{"_acf_changed":false,"_seopress_robots_primary_cat":"","_seopress_titles_title":"","_seopress_titles_desc":"","_seopress_robots_index":"","_seopress_analysis_target_kw":""},"product_brand":[],"product_cat":[250],"product_tag":[882,886],"class_list":{"0":"post-9554","1":"product","2":"type-product","3":"status-publish","4":"has-post-thumbnail","6":"product_cat-assainissants","7":"product_tag-covid-19-fr","8":"product_tag-hygienisant","10":"first","11":"instock","12":"shipping-taxable","13":"product-type-variable"},"acf":[],"_links":{"self":[{"href":"https:\/\/www.atassrl.it\/fr\/wp-json\/wp\/v2\/product\/9554","targetHints":{"allow":["GET"]}}],"collection":[{"href":"https:\/\/www.atassrl.it\/fr\/wp-json\/wp\/v2\/product"}],"about":[{"href":"https:\/\/www.atassrl.it\/fr\/wp-json\/wp\/v2\/types\/product"}],"wp:featuredmedia":[{"embeddable":true,"href":"https:\/\/www.atassrl.it\/fr\/wp-json\/wp\/v2\/media\/9551"}],"wp:attachment":[{"href":"https:\/\/www.atassrl.it\/fr\/wp-json\/wp\/v2\/media?parent=9554"}],"wp:term":[{"taxonomy":"product_brand","embeddable":true,"href":"https:\/\/www.atassrl.it\/fr\/wp-json\/wp\/v2\/product_brand?post=9554"},{"taxonomy":"product_cat","embeddable":true,"href":"https:\/\/www.atassrl.it\/fr\/wp-json\/wp\/v2\/product_cat?post=9554"},{"taxonomy":"product_tag","embeddable":true,"href":"https:\/\/www.atassrl.it\/fr\/wp-json\/wp\/v2\/product_tag?post=9554"}],"curies":[{"name":"wp","href":"https:\/\/api.w.org\/{rel}","templated":true}]}}